{"id":2767,"date":"2025-04-28T19:59:28","date_gmt":"2025-04-28T19:59:28","guid":{"rendered":"https:\/\/astrumportal.com\/?page_id=2767"},"modified":"2026-02-01T07:34:17","modified_gmt":"2026-02-01T07:34:17","slug":"relaxati-va-stofa-de-ploaie","status":"publish","type":"page","link":"https:\/\/astrumportal.com\/ro\/relax-regen-stola\/","title":{"rendered":"Stof\u0103 regenerant\u0103 \u0219i relaxant\u0103"},"content":{"rendered":"<div data-elementor-type=\"wp-page\" data-elementor-id=\"2767\" class=\"elementor elementor-2767\" data-elementor-post-type=\"page\">\n\t\t\t\t<div class=\"elementor-element elementor-element-6785f215 e-flex e-con-boxed e-con e-parent\" data-id=\"6785f215\" data-element_type=\"container\" data-e-type=\"container\" data-settings=\"{&quot;background_background&quot;:&quot;classic&quot;}\">\n\t\t\t\t\t<div class=\"e-con-inner\">\n\t\t<div class=\"elementor-element elementor-element-48b03a2c e-con-full e-flex e-con e-child\" data-id=\"48b03a2c\" data-element_type=\"container\" data-e-type=\"container\">\n\t\t\t\t<div class=\"elementor-element elementor-element-489c12af elementor-widget elementor-widget-heading\" data-id=\"489c12af\" data-element_type=\"widget\" data-e-type=\"widget\" data-widget_type=\"heading.default\">\n\t\t\t\t<div class=\"elementor-widget-container\">\n\t\t\t\t\t<h2 class=\"elementor-heading-title elementor-size-default\">fizice \u0219i<br>energie<br>armonie<\/h2>\t\t\t\t<\/div>\n\t\t\t\t<\/div>\n\t\t\t\t<div class=\"elementor-element elementor-element-131e23cb elementor-widget elementor-widget-text-editor\" data-id=\"131e23cb\" data-element_type=\"widget\" data-e-type=\"widget\" data-widget_type=\"text-editor.default\">\n\t\t\t\t<div class=\"elementor-widget-container\">\n\t\t\t\t\t\t\t\t\t<p>Materialul din care este fabricat \u0219i tehnologia utilizat\u0103 asigur\u0103 o purtare confortabil\u0103, pl\u0103cut\u0103 \u0219i poate contribui la relaxare. Fie pentru medita\u021bie, relaxare sau purtare zilnic\u0103, este alegerea ideal\u0103 pentru cei care doresc s\u0103 \u00ee\u0219i sus\u021bin\u0103 bun\u0103starea \u0219i echilibrul fizic \u0219i mental.<\/p>\t\t\t\t\t\t\t\t<\/div>\n\t\t\t\t<\/div>\n\t\t\t\t<div class=\"elementor-element elementor-element-64321b1f elementor-align-center elementor-widget elementor-widget-global elementor-global-2497 elementor-widget-button\" data-id=\"64321b1f\" data-element_type=\"widget\" data-e-type=\"widget\" data-widget_type=\"button.default\">\n\t\t\t\t<div class=\"elementor-widget-container\">\n\t\t\t\t\t\t\t\t\t<div class=\"elementor-button-wrapper\">\n\t\t\t\t\t<a class=\"elementor-button elementor-button-link elementor-size-lg elementor-animation-grow\" href=\"#kapcsolat\">\n\t\t\t\t\t\t<span class=\"elementor-button-content-wrapper\">\n\t\t\t\t\t\t\t\t\t<span class=\"elementor-button-text\">Persoan\u0103 de contact<\/span>\n\t\t\t\t\t<\/span>\n\t\t\t\t\t<\/a>\n\t\t\t\t<\/div>\n\t\t\t\t\t\t\t\t<\/div>\n\t\t\t\t<\/div>\n\t\t\t\t<\/div>\n\t\t<div class=\"elementor-element elementor-element-2514858a e-con-full e-flex e-con e-child\" data-id=\"2514858a\" data-element_type=\"container\" data-e-type=\"container\">\n\t\t\t\t<div class=\"elementor-element elementor-element-7647a6ba elementor-widget elementor-widget-image\" data-id=\"7647a6ba\" data-element_type=\"widget\" data-e-type=\"widget\" data-widget_type=\"image.default\">\n\t\t\t\t<div class=\"elementor-widget-container\">\n\t\t\t\t\t\t\t\t\t\t\t\t\t\t\t<img fetchpriority=\"high\" decoding=\"async\" width=\"500\" height=\"500\" src=\"https:\/\/astrumportal.com\/wp-content\/uploads\/2025\/04\/energy_stola-1.jpg\" class=\"attachment-large size-large wp-image-2771\" alt=\"\" srcset=\"https:\/\/astrumportal.com\/wp-content\/uploads\/2025\/04\/energy_stola-1.jpg 500w, https:\/\/astrumportal.com\/wp-content\/uploads\/2025\/04\/energy_stola-1-300x300.jpg 300w, https:\/\/astrumportal.com\/wp-content\/uploads\/2025\/04\/energy_stola-1-150x150.jpg 150w\" sizes=\"(max-width: 500px) 100vw, 500px\" \/>\t\t\t\t\t\t\t\t\t\t\t\t\t\t\t<\/div>\n\t\t\t\t<\/div>\n\t\t\t\t<\/div>\n\t\t\t\t\t<\/div>\n\t\t\t\t<\/div>\n\t\t<div class=\"elementor-element elementor-element-2731a70a e-flex e-con-boxed e-con e-parent\" data-id=\"2731a70a\" data-element_type=\"container\" data-e-type=\"container\" data-settings=\"{&quot;background_background&quot;:&quot;classic&quot;}\">\n\t\t\t\t\t<div class=\"e-con-inner\">\n\t\t<div class=\"elementor-element elementor-element-41b5195 e-con-full e-flex e-con e-child\" data-id=\"41b5195\" data-element_type=\"container\" data-e-type=\"container\">\n\t\t\t\t<div class=\"elementor-element elementor-element-35661386 elementor-widget elementor-widget-text-editor\" data-id=\"35661386\" data-element_type=\"widget\" data-e-type=\"widget\" data-widget_type=\"text-editor.default\">\n\t\t\t\t<div class=\"elementor-widget-container\">\n\t\t\t\t\t\t\t\t\t<p><strong>Scaunul energetic - armonie fizic\u0103 \u0219i mental\u0103<\/strong><\/p><p>Energetic Stool nu este doar un accesoriu, ci o experien\u021b\u0103 unic\u0103 care combin\u0103 confortul, elegan\u021ba \u0219i tradi\u021bia inspiratoare. Acesta combin\u0103 trei abord\u0103ri str\u0103vechi cu tehnologia textil\u0103 modern\u0103 pentru a crea o purtare confortabil\u0103 \u0219i o experien\u021b\u0103 relaxant\u0103 pentru via\u021ba de zi cu zi.<br \/><br \/><\/p><p><strong>Materiale de \u00eenalt\u0103 calitate \u0219i solu\u021bii inovatoare<\/strong><\/p><p>Stofa se bazeaz\u0103 pe un amestec de polifibr\u0103 \u0219i germaniu organic \u00een propor\u021bii atent alese. Aceast\u0103 combina\u021bie ofer\u0103 o senza\u021bie confortabil\u0103, \u00een timp ce materialul moale asigur\u0103, de asemenea, o potrivire str\u00e2ns\u0103 \u00een jurul g\u00e2tului \u0219i umerilor.<\/p><p><strong><br \/>Promovarea bun\u0103st\u0103rii de zi cu zi<\/strong><\/p><p>Scaunul energetic poate contribui la relaxare \u0219i re\u00eenc\u0103rcare, poate ajuta la reducerea tensiunii \u0219i poate fi un acompaniament pl\u0103cut pentru exerci\u021biile de relaxare sau medita\u021bie.<\/p><p><br \/><strong>Confort \u0219i elegan\u021b\u0103<\/strong><\/p><p>\u021aes\u0103tura sa moale \u0219i elastic\u0103 ofer\u0103 confort pe tot parcursul zilei, \u00een timp ce aspectul s\u0103u curat adaug\u0103 elegan\u021b\u0103. Ideal pentru medita\u021bie, relaxare sau purtare simpl\u0103 de zi cu zi, atunci c\u00e2nd un sentiment de armonie minte-corp este important.<\/p><p><br \/><strong>\u021aes\u0103tur\u0103 special\u0103<\/strong><\/p><p>\u021aes\u0103tura nanotehnologic\u0103 \u0219i fibrele organice de germaniu confer\u0103 e\u0219arfei un aspect unic care poate oferi o senza\u021bie pl\u0103cut\u0103 de c\u0103ldur\u0103 atunci c\u00e2nd este purtat\u0103 \u0219i contribuie la un sentiment de confort.<\/p><p><br \/><strong>C\u00e2nd purta\u021bi beneficii (la nivel de senza\u021bie \u0219i experien\u021b\u0103):<\/strong><\/p><ul><li>Poate oferi o senza\u021bie pl\u0103cut\u0103, confortabil\u0103 \u00een jurul g\u00e2tului \u0219i umerilor<\/li><li>Poate contribui la relaxare \u0219i la re\u00eenc\u0103rcarea zilnic\u0103<\/li><li>Poate sprijini men\u021binerea st\u0103rii de bine<\/li><li>\u021aes\u0103tur\u0103 moale, elastic\u0103 pentru o purtare confortabil\u0103<\/li><li>Ofer\u0103 un aspect curat, elegant<\/li><\/ul><p><br \/><strong>Compozi\u021bie:<\/strong><\/p><ul><li>47% bumbac<\/li><li>45% poliester<\/li><li>8% spandex<\/li><\/ul><p><br \/>Dimensiuni: 198 x 140 cm<br \/>Culori: gri, albastru coral<\/p>\t\t\t\t\t\t\t\t<\/div>\n\t\t\t\t<\/div>\n\t\t\t\t<\/div>\n\t\t\t\t\t<\/div>\n\t\t\t\t<\/div>\n\t\t\t\t<\/div>","protected":false},"excerpt":{"rendered":"<p>testi \u00e9senergetikaiharm\u00f3nia Az anyag, amib\u0151l k\u00e9sz\u00fcl, \u00e9s az alkalmazott technol\u00f3gia k\u00e9nyelmes, kellemes viseletet biztos\u00edt, \u00e9s hozz\u00e1j\u00e1rulhat a pihen\u00e9shez, relax\u00e1ci\u00f3hoz. Legyen sz\u00f3 medit\u00e1ci\u00f3r\u00f3l, pihen\u00e9sr\u0151l vagy mindennapi visel\u00e9sr\u0151l, ide\u00e1lis v\u00e1laszt\u00e1s azoknak, akik t\u00e1mogatni szeretn\u00e9k testi-lelki j\u00f3ll\u00e9t\u00fcket \u00e9s kiegyens\u00falyozotts\u00e1gukat. Kapcsolatfelv\u00e9tel Az Energetikai St\u00f3la \u2013 Testi \u00e9s Lelki Harm\u00f3nia Az Energetikai St\u00f3la nem csup\u00e1n egy kieg\u00e9sz\u00edt\u0151, hanem egy k\u00fcl\u00f6nleges [&hellip;]<\/p>\n","protected":false},"author":1,"featured_media":0,"parent":0,"menu_order":0,"comment_status":"closed","ping_status":"closed","template":"","meta":{"footnotes":""},"class_list":["post-2767","page","type-page","status-publish","hentry"],"aioseo_notices":[],"_links":{"self":[{"href":"https:\/\/astrumportal.com\/ro\/wp-json\/wp\/v2\/pages\/2767","targetHints":{"allow":["GET"]}}],"collection":[{"href":"https:\/\/astrumportal.com\/ro\/wp-json\/wp\/v2\/pages"}],"about":[{"href":"https:\/\/astrumportal.com\/ro\/wp-json\/wp\/v2\/types\/page"}],"author":[{"embeddable":true,"href":"https:\/\/astrumportal.com\/ro\/wp-json\/wp\/v2\/users\/1"}],"replies":[{"embeddable":true,"href":"https:\/\/astrumportal.com\/ro\/wp-json\/wp\/v2\/comments?post=2767"}],"version-history":[{"count":31,"href":"https:\/\/astrumportal.com\/ro\/wp-json\/wp\/v2\/pages\/2767\/revisions"}],"predecessor-version":[{"id":3063,"href":"https:\/\/astrumportal.com\/ro\/wp-json\/wp\/v2\/pages\/2767\/revisions\/3063"}],"wp:attachment":[{"href":"https:\/\/astrumportal.com\/ro\/wp-json\/wp\/v2\/media?parent=2767"}],"curies":[{"name":"wp","href":"https:\/\/api.w.org\/{rel}","templated":true}]}}