{"id":2658,"date":"2025-04-08T19:31:39","date_gmt":"2025-04-08T19:31:39","guid":{"rendered":"https:\/\/astrumportal.com\/?page_id=2658"},"modified":"2026-02-01T07:36:54","modified_gmt":"2026-02-01T07:36:54","slug":"5-functie-massagazgep","status":"publish","type":"page","link":"https:\/\/astrumportal.com\/ro\/5funkcios-masszazsgep\/","title":{"rendered":"Masaj revolu\u021bionar multifunc\u021bional"},"content":{"rendered":"\t\t<div data-elementor-type=\"wp-page\" data-elementor-id=\"2658\" class=\"elementor elementor-2658\" data-elementor-post-type=\"page\">\n\t\t\t\t<div class=\"elementor-element elementor-element-7ad6dcc1 e-flex e-con-boxed e-con e-parent\" data-id=\"7ad6dcc1\" data-element_type=\"container\" data-e-type=\"container\" data-settings=\"{&quot;background_background&quot;:&quot;classic&quot;}\">\n\t\t\t\t\t<div class=\"e-con-inner\">\n\t\t<div class=\"elementor-element elementor-element-5a58fe40 e-con-full e-flex e-con e-child\" data-id=\"5a58fe40\" data-element_type=\"container\" data-e-type=\"container\">\n\t\t\t\t<div class=\"elementor-element elementor-element-3c34b7e1 elementor-widget elementor-widget-heading\" data-id=\"3c34b7e1\" data-element_type=\"widget\" data-e-type=\"widget\" data-widget_type=\"heading.default\">\n\t\t\t\t<div class=\"elementor-widget-container\">\n\t\t\t\t\t<h2 class=\"elementor-heading-title elementor-size-default\">massz\u00e1zsg\u00e9p<br>- 5 funkci\u00f3val<\/h2>\t\t\t\t<\/div>\n\t\t\t\t<\/div>\n\t\t\t\t<div class=\"elementor-element elementor-element-7268c80c elementor-widget elementor-widget-text-editor\" data-id=\"7268c80c\" data-element_type=\"widget\" data-e-type=\"widget\" data-widget_type=\"text-editor.default\">\n\t\t\t\t<div class=\"elementor-widget-container\">\n\t\t\t\t\t\t\t\t\t<p>Bionikus \u00e9s ergonomikus kialak\u00edt\u00e1s, 5 v\u00e1laszthat\u00f3 massz\u00e1zsprogrammal. T\u00e1mogatja a fesz\u00fclts\u00e9g cs\u00f6kkent\u00e9s\u00e9t, jav\u00edtja a komfort\u00e9rzetet \u00e9s seg\u00edti a pihen\u00e9st.<\/p>\t\t\t\t\t\t\t\t<\/div>\n\t\t\t\t<\/div>\n\t\t\t\t<div class=\"elementor-element elementor-element-d92b650 elementor-align-center elementor-widget elementor-widget-global elementor-global-2497 elementor-widget-button\" data-id=\"d92b650\" data-element_type=\"widget\" data-e-type=\"widget\" data-widget_type=\"button.default\">\n\t\t\t\t<div class=\"elementor-widget-container\">\n\t\t\t\t\t\t\t\t\t<div class=\"elementor-button-wrapper\">\n\t\t\t\t\t<a class=\"elementor-button elementor-button-link elementor-size-lg elementor-animation-grow\" href=\"#kapcsolat\">\n\t\t\t\t\t\t<span class=\"elementor-button-content-wrapper\">\n\t\t\t\t\t\t\t\t\t<span class=\"elementor-button-text\">Kapcsolatfelv\u00e9tel<\/span>\n\t\t\t\t\t<\/span>\n\t\t\t\t\t<\/a>\n\t\t\t\t<\/div>\n\t\t\t\t\t\t\t\t<\/div>\n\t\t\t\t<\/div>\n\t\t\t\t<\/div>\n\t\t<div class=\"elementor-element elementor-element-2f971f8a e-con-full e-flex e-con e-child\" data-id=\"2f971f8a\" data-element_type=\"container\" data-e-type=\"container\">\n\t\t\t\t<div class=\"elementor-element elementor-element-181e093 elementor-widget elementor-widget-image\" data-id=\"181e093\" data-element_type=\"widget\" data-e-type=\"widget\" data-widget_type=\"image.default\">\n\t\t\t\t<div class=\"elementor-widget-container\">\n\t\t\t\t\t\t\t\t\t\t\t\t\t\t\t<img fetchpriority=\"high\" decoding=\"async\" width=\"500\" height=\"500\" src=\"https:\/\/astrumportal.com\/wp-content\/uploads\/2025\/04\/massage.jpg\" class=\"attachment-large size-large wp-image-2638\" alt=\"\" srcset=\"https:\/\/astrumportal.com\/wp-content\/uploads\/2025\/04\/massage.jpg 500w, https:\/\/astrumportal.com\/wp-content\/uploads\/2025\/04\/massage-300x300.jpg 300w, https:\/\/astrumportal.com\/wp-content\/uploads\/2025\/04\/massage-150x150.jpg 150w\" sizes=\"(max-width: 500px) 100vw, 500px\" \/>\t\t\t\t\t\t\t\t\t\t\t\t\t\t\t<\/div>\n\t\t\t\t<\/div>\n\t\t\t\t<\/div>\n\t\t\t\t\t<\/div>\n\t\t\t\t<\/div>\n\t\t<div class=\"elementor-element elementor-element-85f3522 e-flex e-con-boxed e-con e-parent\" data-id=\"85f3522\" data-element_type=\"container\" data-e-type=\"container\" data-settings=\"{&quot;background_background&quot;:&quot;classic&quot;}\">\n\t\t\t\t\t<div class=\"e-con-inner\">\n\t\t<div class=\"elementor-element elementor-element-1d42cf5d e-con-full e-flex e-con e-child\" data-id=\"1d42cf5d\" data-element_type=\"container\" data-e-type=\"container\">\n\t\t\t\t<div class=\"elementor-element elementor-element-4b27d129 elementor-widget elementor-widget-image\" data-id=\"4b27d129\" data-element_type=\"widget\" data-e-type=\"widget\" data-widget_type=\"image.default\">\n\t\t\t\t<div class=\"elementor-widget-container\">\n\t\t\t\t\t\t\t\t\t\t\t\t\t\t\t<img decoding=\"async\" width=\"800\" height=\"223\" src=\"https:\/\/astrumportal.com\/wp-content\/uploads\/2025\/04\/bem_massage-1024x286.jpg\" class=\"attachment-large size-large wp-image-2664\" alt=\"\" srcset=\"https:\/\/astrumportal.com\/wp-content\/uploads\/2025\/04\/bem_massage-1024x286.jpg 1024w, https:\/\/astrumportal.com\/wp-content\/uploads\/2025\/04\/bem_massage-300x84.jpg 300w, https:\/\/astrumportal.com\/wp-content\/uploads\/2025\/04\/bem_massage-768x214.jpg 768w, https:\/\/astrumportal.com\/wp-content\/uploads\/2025\/04\/bem_massage.jpg 1075w\" sizes=\"(max-width: 800px) 100vw, 800px\" \/>\t\t\t\t\t\t\t\t\t\t\t\t\t\t\t<\/div>\n\t\t\t\t<\/div>\n\t\t\t\t<div class=\"elementor-element elementor-element-14eebcb4 elementor-widget elementor-widget-text-editor\" data-id=\"14eebcb4\" data-element_type=\"widget\" data-e-type=\"widget\" data-widget_type=\"text-editor.default\">\n\t\t\t\t<div class=\"elementor-widget-container\">\n\t\t\t\t\t\t\t\t\t<p><strong>Mi az a Magic Foherb massz\u00edroz\u00f3?<\/strong><\/p><p>A Magic Foherb massz\u00edroz\u00f3 egy otthoni wellness- \u00e9s sz\u00e9ps\u00e9g\u00e1pol\u00f3 eszk\u00f6z, amely a hagyom\u00e1nyos k\u00ednai massz\u00e1zstechnik\u00e1k elemeit \u00f6tv\u00f6zi korszer\u0171 bionikus \u00e9s ergonomikus technol\u00f3gi\u00e1kkal. T\u00f6bbf\u00e9le massz\u00e1zsfunkci\u00f3t k\u00edn\u00e1l: impulzusmassz\u00e1zs, f\u00e9nyter\u00e1pia (650 nm), v\u00e1kuummassz\u00e1zs \u00e9s melegter\u00e1pia.<\/p><p>Haszn\u00e1lata t\u00e1mogathatja a b\u0151r \u00e1pol\u00e1s\u00e1t, a test felfriss\u00fcl\u00e9s\u00e9t \u00e9s a relax\u00e1ci\u00f3t. Otthon is egyszer\u0171en v\u00e9gezhet\u0151k vele olyan tradicion\u00e1lis ihlet\u00e9s\u0171 kezel\u00e9sek, mint az akupressz\u00far\u00e1s pontok stimul\u00e1l\u00e1sa, gua\u0161a-massz\u00e1zs, k\u00f6p\u00f6ly\u00f6z\u00e9s-jelleg\u0171 ter\u00e1pia vagy m\u00e1s b\u0151r- \u00e9s test\u00e1pol\u00f3 elj\u00e1r\u00e1sok.<\/p><p>A k\u00e9sz\u00fcl\u00e9k kieg\u00e9sz\u00edthet\u0151 kozmetikai c\u00e9l\u00fa massz\u00e1zzsal, amely seg\u00edtheti a b\u0151r megjelen\u00e9s\u00e9nek jav\u00edt\u00e1s\u00e1t.<\/p><p><b>A k\u00e9szlet tartalma<\/b><\/p><ul><li>1 db MAGIC FOHERB Portable Relaxing Device 3.0 (TUV)<\/li><li>1 tubus FOHERB massz\u00e1zs-testkr\u00e9m (160 g)<\/li><li>1 tubus FOHERB friss\u00edt\u0151\/testkr\u00e9m (100 g)<\/li><\/ul><p>Garancia: 24 h\u00f3nap<\/p><p><strong>A massz\u00e1zskr\u00e9m \u00f6sszet\u00e9tele<\/strong><\/p><p>A massz\u00e1zskr\u00e9m n\u00f6v\u00e9nyi alap\u00fa \u00f6sszetev\u0151ket tartalmaz (pl. si\u010du\u00e1ni smiknyek kivonat, \u00fcr\u00f6m, napraforg\u00f3olaj), tov\u00e1bb\u00e1 E-vitamint, sz\u0151l\u0151mag-olajat \u00e9s hialuronsavat, melyek kozmetikai c\u00e9lra a b\u0151r \u00e1pol\u00e1s\u00e1t, hidrat\u00e1lts\u00e1g\u00e1t \u00e9s rugalmass\u00e1g\u00e1t t\u00e1mogatj\u00e1k. A massz\u00e1zs el\u0151seg\u00edti a kr\u00e9m jobb eloszlat\u00e1s\u00e1t \u00e9s a b\u0151rbe jut\u00e1s\u00e1t.<\/p><p>A friss\u00edt\u0151\/energiz\u00e1l\u00f3 kr\u00e9m szint\u00e9n b\u0151r\u00e1pol\u00f3 \u00f6sszetev\u0151ket tartalmaz, melyek hozz\u00e1j\u00e1rulhatnak a b\u0151r komfort\u00e9rzet\u00e9nek jav\u00edt\u00e1s\u00e1hoz \u00e9s a friss, \u00e1polt megjelen\u00e9shez.<\/p><p><strong>A Magic Foherb massz\u00edroz\u00f3 funkci\u00f3i<\/strong><\/p><ul><li>Impulzusmassz\u00e1zs<br \/>Alacsony frekvenci\u00e1j\u00fa elektromos impulzusokkal stimul\u00e1lja a b\u0151rfelsz\u00ednt \u00e9s az izmokat.<\/li><li>Seg\u00edthet az izomlaz\u00edt\u00e1sban, a komfort\u00e9rzet jav\u00edt\u00e1s\u00e1ban.<\/li><li>F\u00e9nyter\u00e1pia (650 nm)<\/li><li>V\u00f6r\u00f6s f\u00e9ny\u0171 LED-ekkel m\u0171k\u00f6dik.<\/li><li>Kozmetikai c\u00e9lra alkalmazva t\u00e1mogathatja a b\u0151r megjelen\u00e9s\u00e9nek jav\u00edt\u00e1s\u00e1t.<\/li><li>V\u00e1kuummassz\u00e1zs<br \/>L\u00e9gnyom\u00e1s-v\u00e1ltoz\u00e1ssal m\u0171k\u00f6d\u0151 massz\u00e1zsfej.<\/li><li>B\u0151r\u00e1pol\u00f3 kezel\u00e9sek kieg\u00e9sz\u00edt\u00e9sek\u00e9nt alkalmazhat\u00f3.<\/li><li>Melegter\u00e1pia<br \/>Kellemes h\u0151hat\u00e1st biztos\u00edt, amely relax\u00e1l\u00f3 \u00e9lm\u00e9nyt ny\u00fajt.<\/li><\/ul><p><br \/><strong>Kinek aj\u00e1nlott?<\/strong><\/p><ul><li>Azoknak, akik szeretn\u00e9nek otthoni wellness- \u00e9s sz\u00e9ps\u00e9g\u00e1pol\u00f3 kezel\u00e9seket v\u00e9gezni, b\u0151r\u00e1pol\u00e1sra \u00e9s relax\u00e1ci\u00f3ra f\u00f3kusz\u00e1lva. Alkalmas lehet:<\/li><li>b\u0151r\u00e1pol\u00e1si rutin kieg\u00e9sz\u00edt\u00e9s\u00e9re,<\/li><li>otthoni massz\u00e1zshoz,<\/li><li>stresszold\u00f3 relax\u00e1ci\u00f3s programhoz.<\/li><\/ul><p><br \/><strong>Ellenjavallatok<\/strong><\/p><ul><li>A k\u00e9sz\u00fcl\u00e9k haszn\u00e1lata nem aj\u00e1nlott:<\/li><li>magas testh\u0151m\u00e9rs\u00e9klet (38 \u00b0C felett) eset\u00e9n,<\/li><li>m\u0171t\u00e9t ut\u00e1ni 6 h\u00f3napos id\u0151szakban,<\/li><li>sz\u00edvritmus-szab\u00e1lyoz\u00f3 vagy f\u00e9mimplant\u00e1tum eset\u00e9n,<\/li><li>terhess\u00e9g, menstru\u00e1ci\u00f3 idej\u00e9n,<\/li><li>gyermekek sz\u00e1m\u00e1ra,<\/li><li>b\u0151rbetegs\u00e9g, fert\u0151z\u00e9s, vissz\u00e9r vagy ny\u00edlt seb eset\u00e9n,<\/li><li>s\u00falyos betegs\u00e9gek fenn\u00e1ll\u00e1sakor (pl. sz\u00edv- \u00e9s \u00e9rrendszeri, neurol\u00f3giai probl\u00e9m\u00e1k),<\/li><li>hipoglik\u00e9mia vagy magas v\u00e9rnyom\u00e1s eset\u00e9n csak szakemberrel val\u00f3 egyeztet\u00e9s ut\u00e1n.<\/li><li>A f\u00e9nyter\u00e1pi\u00e1s funkci\u00f3t ne ir\u00e1ny\u00edtsd a szembe!<\/li><\/ul>\t\t\t\t\t\t\t\t<\/div>\n\t\t\t\t<\/div>\n\t\t\t\t<\/div>\n\t\t\t\t\t<\/div>\n\t\t\t\t<\/div>\n\t\t\t\t<section class=\"elementor-section elementor-top-section elementor-element elementor-element-4d1e81ce elementor-section-content-middle elementor-section-height-min-height elementor-reverse-tablet elementor-reverse-mobile elementor-hidden-desktop elementor-hidden-tablet elementor-hidden-mobile elementor-section-boxed elementor-section-height-default elementor-section-items-middle\" data-id=\"4d1e81ce\" data-element_type=\"section\" data-e-type=\"section\" id=\"kapcsolat\" data-settings=\"{&quot;background_background&quot;:&quot;classic&quot;}\">\n\t\t\t\t\t\t\t<div class=\"elementor-background-overlay\"><\/div>\n\t\t\t\t\t\t\t<div class=\"elementor-container elementor-column-gap-default\">\n\t\t\t\t\t<div class=\"elementor-column elementor-col-50 elementor-top-column elementor-element elementor-element-67b2d5e0\" data-id=\"67b2d5e0\" data-element_type=\"column\" data-e-type=\"column\">\n\t\t\t<div class=\"elementor-widget-wrap elementor-element-populated\">\n\t\t\t\t\t\t<div class=\"elementor-element elementor-element-89dc36c elementor-button-align-stretch elementor-widget elementor-widget-form\" data-id=\"89dc36c\" data-element_type=\"widget\" data-e-type=\"widget\" data-settings=\"{&quot;step_next_label&quot;:&quot;K\\u00f6vetkez\\u0151&quot;,&quot;step_previous_label&quot;:&quot;El\\u0151z\\u0151&quot;,&quot;button_width&quot;:&quot;100&quot;,&quot;step_type&quot;:&quot;number_text&quot;,&quot;step_icon_shape&quot;:&quot;circle&quot;}\" data-widget_type=\"form.default\">\n\t\t\t\t<div class=\"elementor-widget-container\">\n\t\t\t\t\t\t\t<form class=\"elementor-form\" method=\"post\" name=\"\u00daj \u0171rlap\" aria-label=\"\u00daj \u0171rlap\">\n\t\t\t<input type=\"hidden\" name=\"post_id\" value=\"2658\"\/>\n\t\t\t<input type=\"hidden\" name=\"form_id\" value=\"89dc36c\"\/>\n\t\t\t<input type=\"hidden\" name=\"referer_title\" value=\"Multifunkcion\u00e1lis forradalmi massz\u00e1zsg\u00e9p\" \/>\n\n\t\t\t\t\t\t\t<input type=\"hidden\" name=\"queried_id\" value=\"2658\"\/>\n\t\t\t\n\t\t\t<div class=\"elementor-form-fields-wrapper elementor-labels-\">\n\t\t\t\t\t\t\t\t<div class=\"elementor-field-type-text elementor-field-group elementor-column elementor-field-group-name elementor-col-100\">\n\t\t\t\t\t\t\t\t\t\t\t\t<label for=\"form-field-name\" class=\"elementor-field-label elementor-screen-only\">\n\t\t\t\t\t\t\t\tN\u00e9v\t\t\t\t\t\t\t<\/label>\n\t\t\t\t\t\t\t\t\t\t\t\t\t\t<input size=\"1\" type=\"text\" name=\"form_fields[name]\" id=\"form-field-name\" class=\"elementor-field elementor-size-sm  elementor-field-textual\" placeholder=\"N\u00e9v\">\n\t\t\t\t\t\t\t\t\t\t\t<\/div>\n\t\t\t\t\t\t\t\t<div class=\"elementor-field-type-email elementor-field-group elementor-column elementor-field-group-email elementor-col-100 elementor-field-required\">\n\t\t\t\t\t\t\t\t\t\t\t\t<label for=\"form-field-email\" class=\"elementor-field-label elementor-screen-only\">\n\t\t\t\t\t\t\t\tEmail\t\t\t\t\t\t\t<\/label>\n\t\t\t\t\t\t\t\t\t\t\t\t\t\t<input size=\"1\" type=\"email\" name=\"form_fields[email]\" id=\"form-field-email\" class=\"elementor-field elementor-size-sm  elementor-field-textual\" placeholder=\"Email\" required=\"required\">\n\t\t\t\t\t\t\t\t\t\t\t<\/div>\n\t\t\t\t\t\t\t\t<div class=\"elementor-field-type-textarea elementor-field-group elementor-column elementor-field-group-message elementor-col-100\">\n\t\t\t\t\t\t\t\t\t\t\t\t<label for=\"form-field-message\" class=\"elementor-field-label elementor-screen-only\">\n\t\t\t\t\t\t\t\t\u00dczenet\t\t\t\t\t\t\t<\/label>\n\t\t\t\t\t\t<textarea class=\"elementor-field-textual elementor-field  elementor-size-sm\" name=\"form_fields[message]\" id=\"form-field-message\" rows=\"4\" placeholder=\"\u00dczenet\"><\/textarea>\t\t\t\t<\/div>\n\t\t\t\t\t\t\t\t<div class=\"elementor-field-type-acceptance elementor-field-group elementor-column elementor-field-group-field_7c57a9f elementor-col-100 elementor-field-required\">\n\t\t\t\t\t\t\t<div class=\"elementor-field-subgroup\">\n\t\t\t<span class=\"elementor-field-option\">\n\t\t\t\t<input type=\"checkbox\" name=\"form_fields[field_7c57a9f]\" id=\"form-field-field_7c57a9f\" class=\"elementor-field elementor-size-sm  elementor-acceptance-field\" required=\"required\">\n\t\t\t\t<label for=\"form-field-field_7c57a9f\">Az \n <a href=\"\/adatvedelmi-tajekoztato\/\" target=\"_blank\">adatv\u00e9delmi t\u00e1j\u00e9koztat\u00f3t<\/a> elolvastam \u00e9s elfogadom.<\/label>\t\t\t<\/span>\n\t\t<\/div>\n\t\t\t\t\t\t<\/div>\n\t\t\t\t\t\t\t\t<div class=\"elementor-field-group elementor-column elementor-field-type-submit elementor-col-100 e-form__buttons\">\n\t\t\t\t\t<button class=\"elementor-button elementor-size-md elementor-animation-hang\" type=\"submit\">\n\t\t\t\t\t\t<span class=\"elementor-button-content-wrapper\">\n\t\t\t\t\t\t\t\t\t\t\t\t\t\t\t\t\t\t\t\t\t\t<span class=\"elementor-button-text\">K\u00fcld\u00e9s<\/span>\n\t\t\t\t\t\t\t\t\t\t\t\t\t<\/span>\n\t\t\t\t\t<\/button>\n\t\t\t\t<\/div>\n\t\t\t<\/div>\n\t\t<\/form>\n\t\t\t\t\t\t<\/div>\n\t\t\t\t<\/div>\n\t\t\t\t\t<\/div>\n\t\t<\/div>\n\t\t\t\t<div class=\"elementor-column elementor-col-50 elementor-top-column elementor-element elementor-element-7ddd151e\" data-id=\"7ddd151e\" data-element_type=\"column\" data-e-type=\"column\">\n\t\t\t<div class=\"elementor-widget-wrap elementor-element-populated\">\n\t\t\t\t\t\t<div class=\"elementor-element elementor-element-5b06660c elementor-widget elementor-widget-heading\" data-id=\"5b06660c\" data-element_type=\"widget\" data-e-type=\"widget\" data-widget_type=\"heading.default\">\n\t\t\t\t<div class=\"elementor-widget-container\">\n\t\t\t\t\t<h3 class=\"elementor-heading-title elementor-size-default\">Ha b\u00e1rmi felkeltette az \u00e9rdekl\u0151d\u00e9sed<\/h3>\t\t\t\t<\/div>\n\t\t\t\t<\/div>\n\t\t\t\t<div class=\"elementor-element elementor-element-8956d4f elementor-widget elementor-widget-heading\" data-id=\"8956d4f\" data-element_type=\"widget\" data-e-type=\"widget\" data-widget_type=\"heading.default\">\n\t\t\t\t<div class=\"elementor-widget-container\">\n\t\t\t\t\t<h2 class=\"elementor-heading-title elementor-size-default\">Kapcsolat<\/h2>\t\t\t\t<\/div>\n\t\t\t\t<\/div>\n\t\t\t\t<div class=\"elementor-element elementor-element-51447399 elementor-widget elementor-widget-heading\" data-id=\"51447399\" data-element_type=\"widget\" data-e-type=\"widget\" data-widget_type=\"heading.default\">\n\t\t\t\t<div class=\"elementor-widget-container\">\n\t\t\t\t\t<h2 class=\"elementor-heading-title elementor-size-default\">Adataidat bizalmasan kezelj\u00fck,<br>harmadik f\u00e9lnek nem adjuk \u00e1t.<\/h2>\t\t\t\t<\/div>\n\t\t\t\t<\/div>\n\t\t\t\t<div class=\"elementor-element elementor-element-51ed5a3f elementor-widget-divider--view-line elementor-widget elementor-widget-divider\" data-id=\"51ed5a3f\" data-element_type=\"widget\" data-e-type=\"widget\" data-widget_type=\"divider.default\">\n\t\t\t\t<div class=\"elementor-widget-container\">\n\t\t\t\t\t\t\t<div class=\"elementor-divider\">\n\t\t\t<span class=\"elementor-divider-separator\">\n\t\t\t\t\t\t<\/span>\n\t\t<\/div>\n\t\t\t\t\t\t<\/div>\n\t\t\t\t<\/div>\n\t\t\t\t<section class=\"elementor-section elementor-inner-section elementor-element elementor-element-751ffbe1 elementor-section-boxed elementor-section-height-default elementor-section-height-default\" data-id=\"751ffbe1\" data-element_type=\"section\" data-e-type=\"section\">\n\t\t\t\t\t\t<div class=\"elementor-container elementor-column-gap-default\">\n\t\t\t\t\t<div class=\"elementor-column elementor-col-100 elementor-inner-column elementor-element elementor-element-d059371\" data-id=\"d059371\" data-element_type=\"column\" data-e-type=\"column\">\n\t\t\t<div class=\"elementor-widget-wrap elementor-element-populated\">\n\t\t\t\t\t\t<div class=\"elementor-element elementor-element-66b86b1 elementor-widget elementor-widget-text-editor\" data-id=\"66b86b1\" data-element_type=\"widget\" data-e-type=\"widget\" data-widget_type=\"text-editor.default\">\n\t\t\t\t<div class=\"elementor-widget-container\">\n\t\t\t\t\t\t\t\t\t<p>El\u00e9rhet\u0151s\u00e9g<\/p>\t\t\t\t\t\t\t\t<\/div>\n\t\t\t\t<\/div>\n\t\t\t\t<div class=\"elementor-element elementor-element-6bf90e96 elementor-icon-list--layout-traditional elementor-list-item-link-full_width elementor-widget elementor-widget-icon-list\" data-id=\"6bf90e96\" data-element_type=\"widget\" data-e-type=\"widget\" data-widget_type=\"icon-list.default\">\n\t\t\t\t<div class=\"elementor-widget-container\">\n\t\t\t\t\t\t\t<ul class=\"elementor-icon-list-items\">\n\t\t\t\t\t\t\t<li class=\"elementor-icon-list-item\">\n\t\t\t\t\t\t\t\t\t\t\t<span class=\"elementor-icon-list-icon\">\n\t\t\t\t\t\t\t<svg aria-hidden=\"true\" class=\"e-font-icon-svg e-fas-phone-alt\" viewBox=\"0 0 512 512\" xmlns=\"http:\/\/www.w3.org\/2000\/svg\"><path d=\"M497.39 361.8l-112-48a24 24 0 0 0-28 6.9l-49.6 60.6A370.66 370.66 0 0 1 130.6 204.11l60.6-49.6a23.94 23.94 0 0 0 6.9-28l-48-112A24.16 24.16 0 0 0 122.6.61l-104 24A24 24 0 0 0 0 48c0 256.5 207.9 464 464 464a24 24 0 0 0 23.4-18.6l24-104a24.29 24.29 0 0 0-14.01-27.6z\"><\/path><\/svg>\t\t\t\t\t\t<\/span>\n\t\t\t\t\t\t\t\t\t\t<span class=\"elementor-icon-list-text\">Mobil: 06 20 958 2475<\/span>\n\t\t\t\t\t\t\t\t\t<\/li>\n\t\t\t\t\t\t\t\t<li class=\"elementor-icon-list-item\">\n\t\t\t\t\t\t\t\t\t\t\t<span class=\"elementor-icon-list-icon\">\n\t\t\t\t\t\t\t<svg aria-hidden=\"true\" class=\"e-font-icon-svg e-far-hand-peace\" viewBox=\"0 0 448 512\" xmlns=\"http:\/\/www.w3.org\/2000\/svg\"><path d=\"M362.146 191.976c-13.71-21.649-38.761-34.016-65.006-30.341V74c0-40.804-32.811-74-73.141-74-40.33 0-73.14 33.196-73.14 74L160 168l-18.679-78.85C126.578 50.843 83.85 32.11 46.209 47.208 8.735 62.238-9.571 104.963 5.008 142.85l55.757 144.927c-30.557 24.956-43.994 57.809-24.733 92.218l54.853 97.999C102.625 498.97 124.73 512 148.575 512h205.702c30.744 0 57.558-21.44 64.555-51.797l27.427-118.999a67.801 67.801 0 0 0 1.729-15.203L448 256c0-44.956-43.263-77.343-85.854-64.024zM399.987 326c0 1.488-.169 2.977-.502 4.423l-27.427 119.001c-1.978 8.582-9.29 14.576-17.782 14.576H148.575c-6.486 0-12.542-3.621-15.805-9.449l-54.854-98c-4.557-8.141-2.619-18.668 4.508-24.488l26.647-21.764a16 16 0 0 0 4.812-18.139l-64.09-166.549C37.226 92.956 84.37 74.837 96.51 106.389l59.784 155.357A16 16 0 0 0 171.227 272h11.632c8.837 0 16-7.163 16-16V74c0-34.375 50.281-34.43 50.281 0v182c0 8.837 7.163 16 16 16h6.856c8.837 0 16-7.163 16-16v-28c0-25.122 36.567-25.159 36.567 0v28c0 8.837 7.163 16 16 16h6.856c8.837 0 16-7.163 16-16 0-25.12 36.567-25.16 36.567 0v70z\"><\/path><\/svg>\t\t\t\t\t\t<\/span>\n\t\t\t\t\t\t\t\t\t\t<span class=\"elementor-icon-list-text\">E-mail: hello@astrumportal.com<\/span>\n\t\t\t\t\t\t\t\t\t<\/li>\n\t\t\t\t\t\t<\/ul>\n\t\t\t\t\t\t<\/div>\n\t\t\t\t<\/div>\n\t\t\t\t\t<\/div>\n\t\t<\/div>\n\t\t\t\t\t<\/div>\n\t\t<\/section>\n\t\t\t\t\t<\/div>\n\t\t<\/div>\n\t\t\t\t\t<\/div>\n\t\t<\/section>\n\t\t\t\t<\/div>\n\t\t","protected":false},"excerpt":{"rendered":"<p>massz\u00e1zsg\u00e9p&#8211; 5 funkci\u00f3val Bionikus \u00e9s ergonomikus kialak\u00edt\u00e1s, 5 v\u00e1laszthat\u00f3 massz\u00e1zsprogrammal. T\u00e1mogatja a fesz\u00fclts\u00e9g cs\u00f6kkent\u00e9s\u00e9t, jav\u00edtja a komfort\u00e9rzetet \u00e9s seg\u00edti a pihen\u00e9st. Kapcsolatfelv\u00e9tel Mi az a Magic Foherb massz\u00edroz\u00f3? A Magic Foherb massz\u00edroz\u00f3 egy otthoni wellness- \u00e9s sz\u00e9ps\u00e9g\u00e1pol\u00f3 eszk\u00f6z, amely a hagyom\u00e1nyos k\u00ednai massz\u00e1zstechnik\u00e1k elemeit \u00f6tv\u00f6zi korszer\u0171 bionikus \u00e9s ergonomikus technol\u00f3gi\u00e1kkal. T\u00f6bbf\u00e9le massz\u00e1zsfunkci\u00f3t k\u00edn\u00e1l: impulzusmassz\u00e1zs, f\u00e9nyter\u00e1pia [&hellip;]<\/p>\n","protected":false},"author":1,"featured_media":0,"parent":0,"menu_order":0,"comment_status":"closed","ping_status":"closed","template":"","meta":{"footnotes":""},"class_list":["post-2658","page","type-page","status-publish","hentry"],"aioseo_notices":[],"_links":{"self":[{"href":"https:\/\/astrumportal.com\/ro\/wp-json\/wp\/v2\/pages\/2658","targetHints":{"allow":["GET"]}}],"collection":[{"href":"https:\/\/astrumportal.com\/ro\/wp-json\/wp\/v2\/pages"}],"about":[{"href":"https:\/\/astrumportal.com\/ro\/wp-json\/wp\/v2\/types\/page"}],"author":[{"embeddable":true,"href":"https:\/\/astrumportal.com\/ro\/wp-json\/wp\/v2\/users\/1"}],"replies":[{"embeddable":true,"href":"https:\/\/astrumportal.com\/ro\/wp-json\/wp\/v2\/comments?post=2658"}],"version-history":[{"count":34,"href":"https:\/\/astrumportal.com\/ro\/wp-json\/wp\/v2\/pages\/2658\/revisions"}],"predecessor-version":[{"id":3069,"href":"https:\/\/astrumportal.com\/ro\/wp-json\/wp\/v2\/pages\/2658\/revisions\/3069"}],"wp:attachment":[{"href":"https:\/\/astrumportal.com\/ro\/wp-json\/wp\/v2\/media?parent=2658"}],"curies":[{"name":"wp","href":"https:\/\/api.w.org\/{rel}","templated":true}]}}