{"id":2589,"date":"2025-04-06T20:36:42","date_gmt":"2025-04-06T20:36:42","guid":{"rendered":"https:\/\/astrumportal.com\/?page_id=2589"},"modified":"2025-08-14T16:35:33","modified_gmt":"2025-08-14T16:35:33","slug":"frecventa-terahertz","status":"publish","type":"page","link":"https:\/\/astrumportal.com\/ro\/terahertz-frekvencia\/","title":{"rendered":"Frecven\u021ba Terahertz - Activarea celular\u0103 la domiciliu"},"content":{"rendered":"<div data-elementor-type=\"wp-page\" data-elementor-id=\"2589\" class=\"elementor elementor-2589\" data-elementor-post-type=\"page\">\n\t\t\t\t<div class=\"elementor-element elementor-element-2e2c3c35 e-flex e-con-boxed e-con e-parent\" data-id=\"2e2c3c35\" data-element_type=\"container\" data-e-type=\"container\" data-settings=\"{&quot;background_background&quot;:&quot;classic&quot;}\">\n\t\t\t\t\t<div class=\"e-con-inner\">\n\t\t<div class=\"elementor-element elementor-element-f8a8c56 e-con-full e-flex e-con e-child\" data-id=\"f8a8c56\" data-element_type=\"container\" data-e-type=\"container\">\n\t\t\t\t<div class=\"elementor-element elementor-element-7d21a692 elementor-widget elementor-widget-heading\" data-id=\"7d21a692\" data-element_type=\"widget\" data-e-type=\"widget\" data-widget_type=\"heading.default\">\n\t\t\t\t<div class=\"elementor-widget-container\">\n\t\t\t\t\t<h2 class=\"elementor-heading-title elementor-size-default\">Frecven\u021ba Terahertz<\/h2>\t\t\t\t<\/div>\n\t\t\t\t<\/div>\n\t\t\t\t<div class=\"elementor-element elementor-element-8e3149a elementor-widget elementor-widget-text-editor\" data-id=\"8e3149a\" data-element_type=\"widget\" data-e-type=\"widget\" data-widget_type=\"text-editor.default\">\n\t\t\t\t<div class=\"elementor-widget-container\">\n\t\t\t\t\t\t\t\t\t<p>Mic, dar puternic - experien\u021ba tehnologiei terahertz poate fi sim\u021bit\u0103 de la prima utilizare.<\/p>\t\t\t\t\t\t\t\t<\/div>\n\t\t\t\t<\/div>\n\t\t\t\t<div class=\"elementor-element elementor-element-37b75493 elementor-align-center elementor-widget elementor-widget-global elementor-global-2497 elementor-widget-button\" data-id=\"37b75493\" data-element_type=\"widget\" data-e-type=\"widget\" data-widget_type=\"button.default\">\n\t\t\t\t<div class=\"elementor-widget-container\">\n\t\t\t\t\t\t\t\t\t<div class=\"elementor-button-wrapper\">\n\t\t\t\t\t<a class=\"elementor-button elementor-button-link elementor-size-lg elementor-animation-grow\" href=\"#kapcsolat\">\n\t\t\t\t\t\t<span class=\"elementor-button-content-wrapper\">\n\t\t\t\t\t\t\t\t\t<span class=\"elementor-button-text\">Persoan\u0103 de contact<\/span>\n\t\t\t\t\t<\/span>\n\t\t\t\t\t<\/a>\n\t\t\t\t<\/div>\n\t\t\t\t\t\t\t\t<\/div>\n\t\t\t\t<\/div>\n\t\t\t\t<\/div>\n\t\t<div class=\"elementor-element elementor-element-49ca8e0d e-con-full e-flex e-con e-child\" data-id=\"49ca8e0d\" data-element_type=\"container\" data-e-type=\"container\">\n\t\t\t\t<div class=\"elementor-element elementor-element-1864c7e9 elementor-invisible elementor-widget elementor-widget-image\" data-id=\"1864c7e9\" data-element_type=\"widget\" data-e-type=\"widget\" data-settings=\"{&quot;_animation&quot;:&quot;slideInDown&quot;}\" data-widget_type=\"image.default\">\n\t\t\t\t<div class=\"elementor-widget-container\">\n\t\t\t\t\t\t\t\t\t\t\t\t\t\t\t<img fetchpriority=\"high\" decoding=\"async\" width=\"500\" height=\"500\" src=\"https:\/\/astrumportal.com\/wp-content\/uploads\/2025\/04\/terra_cell.jpg\" class=\"attachment-large size-large wp-image-2592\" alt=\"\" srcset=\"https:\/\/astrumportal.com\/wp-content\/uploads\/2025\/04\/terra_cell.jpg 500w, https:\/\/astrumportal.com\/wp-content\/uploads\/2025\/04\/terra_cell-300x300.jpg 300w, https:\/\/astrumportal.com\/wp-content\/uploads\/2025\/04\/terra_cell-150x150.jpg 150w\" sizes=\"(max-width: 500px) 100vw, 500px\" \/>\t\t\t\t\t\t\t\t\t\t\t\t\t\t\t<\/div>\n\t\t\t\t<\/div>\n\t\t\t\t<\/div>\n\t\t\t\t\t<\/div>\n\t\t\t\t<\/div>\n\t\t<div class=\"elementor-element elementor-element-3f84420c e-con-full e-flex e-con e-parent\" data-id=\"3f84420c\" data-element_type=\"container\" data-e-type=\"container\" data-settings=\"{&quot;background_background&quot;:&quot;gradient&quot;}\">\n\t\t<div class=\"elementor-element elementor-element-256aff86 e-con-full e-flex e-con e-child\" data-id=\"256aff86\" data-element_type=\"container\" data-e-type=\"container\">\n\t\t\t\t<div class=\"elementor-element elementor-element-17ff6710 elementor-widget__width-inherit elementor-widget-divider--view-line elementor-invisible elementor-widget elementor-widget-divider\" data-id=\"17ff6710\" data-element_type=\"widget\" data-e-type=\"widget\" data-settings=\"{&quot;_animation&quot;:&quot;fadeInLeft&quot;}\" data-widget_type=\"divider.default\">\n\t\t\t\t<div class=\"elementor-widget-container\">\n\t\t\t\t\t\t\t<div class=\"elementor-divider\">\n\t\t\t<span class=\"elementor-divider-separator\">\n\t\t\t\t\t\t<\/span>\n\t\t<\/div>\n\t\t\t\t\t\t<\/div>\n\t\t\t\t<\/div>\n\t\t\t\t<div class=\"elementor-element elementor-element-32a06563 elementor-widget__width-initial elementor-widget-tablet__width-inherit elementor-widget elementor-widget-heading\" data-id=\"32a06563\" data-element_type=\"widget\" data-e-type=\"widget\" data-widget_type=\"heading.default\">\n\t\t\t\t<div class=\"elementor-widget-container\">\n\t\t\t\t\t<h2 class=\"elementor-heading-title elementor-size-default\">Bun\u0103starea \u00eencepe la nivel celular.<\/h2>\t\t\t\t<\/div>\n\t\t\t\t<\/div>\n\t\t\t\t<div class=\"elementor-element elementor-element-7dd80fc4 elementor-widget__width-initial elementor-widget-tablet__width-inherit elementor-widget elementor-widget-text-editor\" data-id=\"7dd80fc4\" data-element_type=\"widget\" data-e-type=\"widget\" data-widget_type=\"text-editor.default\">\n\t\t\t\t<div class=\"elementor-widget-container\">\n\t\t\t\t\t\t\t\t\t<p><b>Confort cuprinz\u0103tor | U\u0219or de utilizat | Design profesional | Func\u021bionare sigur\u0103 | Func\u021bionare eficient\u0103<\/b><\/p><p>Tehnologia terahertz poate ajunge p\u00e2n\u0103 la 10-12 cm ad\u00e2ncime \u00een \u021besut, astfel \u00eenc\u00e2t efectul poate fi sim\u021bit nu numai la suprafa\u021ba pielii, ci \u0219i \u00een straturile profunde.\u00a0<\/p>\t\t\t\t\t\t\t\t<\/div>\n\t\t\t\t<\/div>\n\t\t\t\t<\/div>\n\t\t<div class=\"elementor-element elementor-element-539e96a2 e-flex e-con-boxed e-con e-child\" data-id=\"539e96a2\" data-element_type=\"container\" data-e-type=\"container\">\n\t\t\t\t\t<div class=\"e-con-inner\">\n\t\t\t\t<div class=\"elementor-element elementor-element-889b69c elementor-widget__width-initial elementor-widget-mobile__width-initial elementor-invisible elementor-widget elementor-widget-icon-box\" data-id=\"889b69c\" data-element_type=\"widget\" data-e-type=\"widget\" data-settings=\"{&quot;_animation&quot;:&quot;fadeInUp&quot;}\" data-widget_type=\"icon-box.default\">\n\t\t\t\t<div class=\"elementor-widget-container\">\n\t\t\t\t\t\t\t<div class=\"elementor-icon-box-wrapper\">\n\n\t\t\t\n\t\t\t\t\t\t<div class=\"elementor-icon-box-content\">\n\n\t\t\t\t\t\t\t\t\t<h3 class=\"elementor-icon-box-title\">\n\t\t\t\t\t\t<span  >\n\t\t\t\t\t\t\tMai cuprinz\u0103toare\t\t\t\t\t\t<\/span>\n\t\t\t\t\t<\/h3>\n\t\t\t\t\n\t\t\t\t\t\t\t\t\t<p class=\"elementor-icon-box-description\">\n\t\t\t\t\t\t\u00cen timp ce acupunctura se concentreaz\u0103 pe un anumit punct, iar gua sha ac\u021bioneaz\u0103 de-a lungul unei singure linii, THZ stimuleaz\u0103 o suprafa\u021b\u0103 mai mare deodat\u0103, astfel \u00eenc\u00e2t poate sus\u021bine c\u0103ile energetice ale \u00eentregului sistem meridian pentru o experien\u021b\u0103 mai cuprinz\u0103toare.\t\t\t\t\t<\/p>\n\t\t\t\t\n\t\t\t<\/div>\n\t\t\t\n\t\t<\/div>\n\t\t\t\t\t\t<\/div>\n\t\t\t\t<\/div>\n\t\t\t\t<div class=\"elementor-element elementor-element-34af2a1f elementor-widget__width-initial elementor-widget-mobile__width-initial elementor-invisible elementor-widget elementor-widget-icon-box\" data-id=\"34af2a1f\" data-element_type=\"widget\" data-e-type=\"widget\" data-settings=\"{&quot;_animation&quot;:&quot;fadeInUp&quot;,&quot;_animation_delay&quot;:100}\" data-widget_type=\"icon-box.default\">\n\t\t\t\t<div class=\"elementor-widget-container\">\n\t\t\t\t\t\t\t<div class=\"elementor-icon-box-wrapper\">\n\n\t\t\t\n\t\t\t\t\t\t<div class=\"elementor-icon-box-content\">\n\n\t\t\t\t\t\t\t\t\t<h3 class=\"elementor-icon-box-title\">\n\t\t\t\t\t\t<span  >\n\t\t\t\t\t\t\tMai simplu\t\t\t\t\t\t<\/span>\n\t\t\t\t\t<\/h3>\n\t\t\t\t\n\t\t\t\t\t\t\t\t\t<p class=\"elementor-icon-box-description\">\n\t\t\t\t\t\tNu este necesar\u0103 nicio preg\u0103tire medical\u0103 sau cunoa\u0219tere aprofundat\u0103 a meridianelor \u0219i a celor cinci elemente - dispozitivul este u\u0219or de \u00eenv\u0103\u021bat, astfel \u00eenc\u00e2t oricine \u00eel poate utiliza cu \u00eencredere pentru a sus\u021bine bun\u0103starea de zi cu zi.\t\t\t\t\t<\/p>\n\t\t\t\t\n\t\t\t<\/div>\n\t\t\t\n\t\t<\/div>\n\t\t\t\t\t\t<\/div>\n\t\t\t\t<\/div>\n\t\t\t\t<div class=\"elementor-element elementor-element-144a7c5a elementor-invisible elementor-widget elementor-widget-icon-box\" data-id=\"144a7c5a\" data-element_type=\"widget\" data-e-type=\"widget\" data-settings=\"{&quot;_animation&quot;:&quot;fadeInUp&quot;,&quot;_animation_delay&quot;:200}\" data-widget_type=\"icon-box.default\">\n\t\t\t\t<div class=\"elementor-widget-container\">\n\t\t\t\t\t\t\t<div class=\"elementor-icon-box-wrapper\">\n\n\t\t\t\n\t\t\t\t\t\t<div class=\"elementor-icon-box-content\">\n\n\t\t\t\t\t\t\t\t\t<h3 class=\"elementor-icon-box-title\">\n\t\t\t\t\t\t<span  >\n\t\t\t\t\t\t\tMai sigur\t\t\t\t\t\t<\/span>\n\t\t\t\t\t<\/h3>\n\t\t\t\t\n\t\t\t\t\t\t\t\t\t<p class=\"elementor-icon-box-description\">\n\t\t\t\t\t\tMai mult<br>Acesta are o gam\u0103 larg\u0103 de aplica\u021bii, astfel \u00eenc\u00e2t poate fi utilizat acas\u0103, la serviciu sau \u00een alte medii confortabile.\t\t\t\t\t<\/p>\n\t\t\t\t\n\t\t\t<\/div>\n\t\t\t\n\t\t<\/div>\n\t\t\t\t\t\t<\/div>\n\t\t\t\t<\/div>\n\t\t\t\t\t<\/div>\n\t\t\t\t<\/div>\n\t\t\t\t<\/div>\n\t\t\t\t<section class=\"elementor-section elementor-top-section elementor-element elementor-element-323987ac elementor-section-boxed elementor-section-height-default elementor-section-height-default\" data-id=\"323987ac\" data-element_type=\"section\" data-e-type=\"section\" data-settings=\"{&quot;background_background&quot;:&quot;classic&quot;}\">\n\t\t\t\t\t\t\t<div class=\"elementor-background-overlay\"><\/div>\n\t\t\t\t\t\t\t<div class=\"elementor-container elementor-column-gap-default\">\n\t\t\t\t\t<div class=\"elementor-column elementor-col-100 elementor-top-column elementor-element elementor-element-63e5e2f1\" data-id=\"63e5e2f1\" data-element_type=\"column\" data-e-type=\"column\">\n\t\t\t<div class=\"elementor-widget-wrap elementor-element-populated\">\n\t\t\t\t\t\t<div class=\"elementor-element elementor-element-2c37fbaf elementor-invisible elementor-widget elementor-widget-heading\" data-id=\"2c37fbaf\" data-element_type=\"widget\" data-e-type=\"widget\" data-settings=\"{&quot;_animation&quot;:&quot;fadeInDown&quot;}\" data-widget_type=\"heading.default\">\n\t\t\t\t<div class=\"elementor-widget-container\">\n\t\t\t\t\t<h1 class=\"elementor-heading-title elementor-size-default\">Undele Terahertz<\/h1>\t\t\t\t<\/div>\n\t\t\t\t<\/div>\n\t\t\t\t<div class=\"elementor-element elementor-element-fd5a58e elementor-invisible elementor-widget elementor-widget-text-editor\" data-id=\"fd5a58e\" data-element_type=\"widget\" data-e-type=\"widget\" data-settings=\"{&quot;_animation&quot;:&quot;fadeInDown&quot;}\" data-widget_type=\"text-editor.default\">\n\t\t\t\t<div class=\"elementor-widget-container\">\n\t\t\t\t\t\t\t\t\t<p>Undele terahertz sunt unde radio luminoase de lungime de und\u0103 scurt\u0103, cu frecven\u021be cuprinse \u00eentre 0,03 \u0219i 0,3 THz. Energia lor poate p\u0103trunde la o ad\u00e2ncime de 3 p\u00e2n\u0103 la 5 cm \u0219i produce un efect termic u\u0219or, sus\u021bin\u00e2nd procesele naturale de regenerare ale organismului \u0219i un sentiment de bun\u0103stare.<\/p>\t\t\t\t\t\t\t\t<\/div>\n\t\t\t\t<\/div>\n\t\t\t\t<div class=\"elementor-element elementor-element-e8227df elementor-invisible elementor-widget elementor-widget-heading\" data-id=\"e8227df\" data-element_type=\"widget\" data-e-type=\"widget\" data-settings=\"{&quot;_animation&quot;:&quot;fadeInDown&quot;}\" data-widget_type=\"heading.default\">\n\t\t\t\t<div class=\"elementor-widget-container\">\n\t\t\t\t\t<h1 class=\"elementor-heading-title elementor-size-default\">Tehnologie cu unde ultra lungi <\/h1>\t\t\t\t<\/div>\n\t\t\t\t<\/div>\n\t\t\t\t<div class=\"elementor-element elementor-element-54f13aa3 elementor-invisible elementor-widget elementor-widget-text-editor\" data-id=\"54f13aa3\" data-element_type=\"widget\" data-e-type=\"widget\" data-settings=\"{&quot;_animation&quot;:&quot;fadeInDown&quot;}\" data-widget_type=\"text-editor.default\">\n\t\t\t\t<div class=\"elementor-widget-container\">\n\t\t\t\t\t\t\t\t\t<p>Undele ultralungi sunt unde electromagnetice cu o lungime de und\u0103 de p\u00e2n\u0103 la 5-6 milioane de metri. Aceste unde creeaz\u0103 micro-vibra\u021bii subtile care pot contribui la promovarea unui sentiment de bun\u0103stare \u0219i la sus\u021binerea func\u021bion\u0103rii naturale a organismului.<\/p>\t\t\t\t\t\t\t\t<\/div>\n\t\t\t\t<\/div>\n\t\t\t\t\t<\/div>\n\t\t<\/div>\n\t\t\t\t\t<\/div>\n\t\t<\/section>\n\t\t<div class=\"elementor-element elementor-element-d5c7e49 e-flex e-con-boxed e-con e-parent\" data-id=\"d5c7e49\" data-element_type=\"container\" data-e-type=\"container\" data-settings=\"{&quot;background_background&quot;:&quot;classic&quot;}\">\n\t\t\t\t\t<div class=\"e-con-inner\">\n\t\t<div class=\"elementor-element elementor-element-1e23642 e-con-full e-flex e-con e-child\" data-id=\"1e23642\" data-element_type=\"container\" data-e-type=\"container\">\n\t\t\t\t<div class=\"elementor-element elementor-element-2d9a5a8 elementor-widget elementor-widget-heading\" data-id=\"2d9a5a8\" data-element_type=\"widget\" data-e-type=\"widget\" data-widget_type=\"heading.default\">\n\t\t\t\t<div class=\"elementor-widget-container\">\n\t\t\t\t\t<h2 class=\"elementor-heading-title elementor-size-default\">Principalele avantaje<\/h2>\t\t\t\t<\/div>\n\t\t\t\t<\/div>\n\t\t\t\t<div class=\"elementor-element elementor-element-043fa4c elementor-widget elementor-widget-text-editor\" data-id=\"043fa4c\" data-element_type=\"widget\" data-e-type=\"widget\" data-widget_type=\"text-editor.default\">\n\t\t\t\t<div class=\"elementor-widget-container\">\n\t\t\t\t\t\t\t\t\t<ul><li>Sus\u021bine func\u021bionarea natural\u0103 a organismului<\/li><li>Poate ajuta la relaxarea mu\u0219chilor \u0219i la cre\u0219terea confortului<\/li><li>Poate promova un sentiment de bun\u0103stare<\/li><li>Poate sus\u021bine senza\u021bia de prospe\u021bime \u0219i elasticitate a pielii<\/li><\/ul>\t\t\t\t\t\t\t\t<\/div>\n\t\t\t\t<\/div>\n\t\t\t\t<div class=\"elementor-element elementor-element-7634ae9 elementor-widget elementor-widget-heading\" data-id=\"7634ae9\" data-element_type=\"widget\" data-e-type=\"widget\" data-widget_type=\"heading.default\">\n\t\t\t\t<div class=\"elementor-widget-container\">\n\t\t\t\t\t<h2 class=\"elementor-heading-title elementor-size-default\">Mecanismul de func\u021bionare a dispozitivului<\/h2>\t\t\t\t<\/div>\n\t\t\t\t<\/div>\n\t\t\t\t<div class=\"elementor-element elementor-element-7d13b90 elementor-widget elementor-widget-text-editor\" data-id=\"7d13b90\" data-element_type=\"widget\" data-e-type=\"widget\" data-widget_type=\"text-editor.default\">\n\t\t\t\t<div class=\"elementor-widget-container\">\n\t\t\t\t\t\t\t\t\t<ul><li>Poate ajuta la activitatea natural\u0103 a celulelor<\/li><li>Poate sus\u021bine func\u021bionarea s\u0103n\u0103toas\u0103 a organismului<\/li><li>Poate promova un sentiment de confort \u0219i niveluri generale de energie<\/li><li>Poate sus\u021bine func\u021bionarea pl\u0103cut\u0103 a sistemelor limfatic \u0219i circulator<\/li><li>Poate ajuta organismul s\u0103 se simt\u0103 proasp\u0103t \u0219i bine<\/li><\/ul>\t\t\t\t\t\t\t\t<\/div>\n\t\t\t\t<\/div>\n\t\t\t\t<\/div>\n\t\t<div class=\"elementor-element elementor-element-0905678 e-con-full e-flex e-con e-child\" data-id=\"0905678\" data-element_type=\"container\" data-e-type=\"container\">\n\t\t\t\t<div class=\"elementor-element elementor-element-58557c0 elementor-invisible elementor-widget elementor-widget-image\" data-id=\"58557c0\" data-element_type=\"widget\" data-e-type=\"widget\" data-settings=\"{&quot;_animation&quot;:&quot;zoomInRight&quot;}\" data-widget_type=\"image.default\">\n\t\t\t\t<div class=\"elementor-widget-container\">\n\t\t\t\t\t\t\t\t\t\t\t\t\t\t\t<img decoding=\"async\" width=\"656\" height=\"1024\" src=\"https:\/\/astrumportal.com\/wp-content\/uploads\/2025\/07\/cell_big_tittle-656x1024.jpg\" class=\"attachment-large size-large wp-image-2806\" alt=\"\" srcset=\"https:\/\/astrumportal.com\/wp-content\/uploads\/2025\/07\/cell_big_tittle-656x1024.jpg 656w, https:\/\/astrumportal.com\/wp-content\/uploads\/2025\/07\/cell_big_tittle-192x300.jpg 192w, https:\/\/astrumportal.com\/wp-content\/uploads\/2025\/07\/cell_big_tittle-768x1199.jpg 768w, https:\/\/astrumportal.com\/wp-content\/uploads\/2025\/07\/cell_big_tittle-984x1536.jpg 984w, https:\/\/astrumportal.com\/wp-content\/uploads\/2025\/07\/cell_big_tittle.jpg 1125w\" sizes=\"(max-width: 656px) 100vw, 656px\" \/>\t\t\t\t\t\t\t\t\t\t\t\t\t\t\t<\/div>\n\t\t\t\t<\/div>\n\t\t\t\t<\/div>\n\t\t\t\t\t<\/div>\n\t\t\t\t<\/div>\n\t\t<div class=\"elementor-element elementor-element-1f85a0b e-flex e-con-boxed e-con e-parent\" data-id=\"1f85a0b\" data-element_type=\"container\" data-e-type=\"container\" data-settings=\"{&quot;background_background&quot;:&quot;classic&quot;}\">\n\t\t\t\t\t<div class=\"e-con-inner\">\n\t\t\t\t<div class=\"elementor-element elementor-element-e36cc79 elementor-widget elementor-widget-heading\" data-id=\"e36cc79\" data-element_type=\"widget\" data-e-type=\"widget\" data-widget_type=\"heading.default\">\n\t\t\t\t<div class=\"elementor-widget-container\">\n\t\t\t\t\t<h2 class=\"elementor-heading-title elementor-size-default\">Precau\u021bii pentru utilizarea dispozitivului de stocare THZ Health<\/h2>\t\t\t\t<\/div>\n\t\t\t\t<\/div>\n\t\t\t\t<div class=\"elementor-element elementor-element-8e64ff3 elementor-widget elementor-widget-text-editor\" data-id=\"8e64ff3\" data-element_type=\"widget\" data-e-type=\"widget\" data-widget_type=\"text-editor.default\">\n\t\t\t\t<div class=\"elementor-widget-container\">\n\t\t\t\t\t\t\t\t\t<ul><li>Dup\u0103 utilizare, lua\u021bi o pauz\u0103 de 3-5 zile.<\/li><li>Utiliza\u021bi aceea\u0219i zon\u0103 de tratament doar de 1-2 ori pe zi.<\/li><li>\u00cenainte de fiecare tratament, be\u021bi 300-500 ml de ap\u0103, odihni\u021bi-v\u0103 timp de cel pu\u021bin 5 minute dup\u0103 tratament \u0219i apoi be\u021bi un alt pahar de ap\u0103.<\/li><li>Sugestie de tratament: \u00eenc\u0103lzi\u021bi mai \u00eent\u00e2i \u00eentregul corp, apoi zonele vizate \u0219i, \u00een final, stimula\u021bi t\u0103lpile picioarelor pentru a spori confortul.<\/li><\/ul><p>\u00a0<\/p><p>Cel mai bine este s\u0103 evita\u021bi \u00een decurs de 2 ore dup\u0103 tratament:<\/p><ul><li>Schimb\u0103ri bru\u0219te de temperatur\u0103 (de exemplu, aer condi\u021bionat, curen\u021bi de aer)<\/li><li>Baie sau \u00eenot<\/li><li>Efort fizic intens sau exerci\u021bii intense<\/li><li>Consumul de alcool<\/li><\/ul>\t\t\t\t\t\t\t\t<\/div>\n\t\t\t\t<\/div>\n\t\t\t\t\t<\/div>\n\t\t\t\t<\/div>\n\t\t<div class=\"elementor-element elementor-element-b4c7f81 e-flex e-con-boxed e-con e-parent\" data-id=\"b4c7f81\" data-element_type=\"container\" data-e-type=\"container\" data-settings=\"{&quot;background_background&quot;:&quot;classic&quot;}\">\n\t\t\t\t\t<div class=\"e-con-inner\">\n\t\t\t\t<div class=\"elementor-element elementor-element-f29ef62 elementor-widget elementor-widget-heading\" data-id=\"f29ef62\" data-element_type=\"widget\" data-e-type=\"widget\" data-widget_type=\"heading.default\">\n\t\t\t\t<div class=\"elementor-widget-container\">\n\t\t\t\t\t<h2 class=\"elementor-heading-title elementor-size-default\">Contraindica\u021bii - Strict interzis:<\/h2>\t\t\t\t<\/div>\n\t\t\t\t<\/div>\n\t\t\t\t<div class=\"elementor-element elementor-element-0bf5aa9 elementor-widget elementor-widget-text-editor\" data-id=\"0bf5aa9\" data-element_type=\"widget\" data-e-type=\"widget\" data-widget_type=\"text-editor.default\">\n\t\t\t\t<div class=\"elementor-widget-container\">\n\t\t\t\t\t\t\t\t\t<ul><li>Ave\u021bi o boal\u0103 cardiovascular\u0103 sau un stimulator cardiac, o pomp\u0103 de insulin\u0103, un stent, o protez\u0103, o component\u0103 metalic\u0103, un implant din silicon sau injectat.<\/li><li>A suferit hipertensiune arterial\u0103 sever\u0103, atac de cord, infarct cerebral, accident vascular cerebral \u00een ultimele 6 luni.<\/li><li>Ave\u021bi diabet sever, o tulburare psihic\u0103 sau o afec\u021biune conex\u0103.<\/li><li>Ave\u021bi un cancer cu risc ridicat, rar sau greu de tratat.<\/li><li>Boal\u0103 acut\u0103, febr\u0103 mare, inflama\u021bie sau infec\u021bie.<\/li><li>Epileptic.<\/li><li>A fost supus\u0103 unei opera\u021bii de m\u0103rire a s\u00e2nilor sau de remodelare corporal\u0103.<\/li><li>Are r\u0103ni deschise.<\/li><li>\u00cen timpul menstrua\u021biei, sarcinii sau copil\u0103riei\/ copil\u0103riei.<\/li><li>El este sub influen\u021ba alcoolului.<\/li><li>Pentru tratamentul facial: \u00eendep\u0103rta\u021bi lentilele de contact, evita\u021bi contactul direct cu pupilele.<br \/><br \/>Not\u0103: se pot aplica alte contraindica\u021bii \u00een func\u021bie de afec\u021biunea individual\u0103.<\/li><\/ul>\t\t\t\t\t\t\t\t<\/div>\n\t\t\t\t<\/div>\n\t\t\t\t\t<\/div>\n\t\t\t\t<\/div>\n\t\t<div class=\"elementor-element elementor-element-1f250409 e-flex e-con-boxed e-con e-parent\" data-id=\"1f250409\" data-element_type=\"container\" data-e-type=\"container\" data-settings=\"{&quot;background_background&quot;:&quot;classic&quot;}\">\n\t\t\t\t\t<div class=\"e-con-inner\">\n\t\t<div class=\"elementor-element elementor-element-caebbbe e-con-full e-flex e-con e-child\" data-id=\"caebbbe\" data-element_type=\"container\" data-e-type=\"container\">\n\t\t\t\t<div class=\"elementor-element elementor-element-b84f99e elementor-widget elementor-widget-image\" data-id=\"b84f99e\" data-element_type=\"widget\" data-e-type=\"widget\" data-widget_type=\"image.default\">\n\t\t\t\t<div class=\"elementor-widget-container\">\n\t\t\t\t\t\t\t\t\t\t\t\t\t\t\t<img decoding=\"async\" width=\"800\" height=\"223\" src=\"https:\/\/astrumportal.com\/wp-content\/uploads\/2025\/04\/terra_cell-1-1024x286.jpg\" class=\"attachment-large size-large wp-image-2594\" alt=\"\" srcset=\"https:\/\/astrumportal.com\/wp-content\/uploads\/2025\/04\/terra_cell-1-1024x286.jpg 1024w, https:\/\/astrumportal.com\/wp-content\/uploads\/2025\/04\/terra_cell-1-300x84.jpg 300w, https:\/\/astrumportal.com\/wp-content\/uploads\/2025\/04\/terra_cell-1-768x214.jpg 768w, https:\/\/astrumportal.com\/wp-content\/uploads\/2025\/04\/terra_cell-1.jpg 1075w\" sizes=\"(max-width: 800px) 100vw, 800px\" \/>\t\t\t\t\t\t\t\t\t\t\t\t\t\t\t<\/div>\n\t\t\t\t<\/div>\n\t\t\t\t<div class=\"elementor-element elementor-element-59f7456d elementor-widget elementor-widget-text-editor\" data-id=\"59f7456d\" data-element_type=\"widget\" data-e-type=\"widget\" data-widget_type=\"text-editor.default\">\n\t\t\t\t<div class=\"elementor-widget-container\">\n\t\t\t\t\t\t\t\t\t<p>Activatorul celular este un dispozitiv non-medical, de \u00eenalt\u0103 tehnologie, care sprijin\u0103 regenerarea celular\u0103 \u0219i vitalitatea organismului. Acesta este conceput pentru a \u201ctrezi\u201d celulele adormite, a cur\u0103\u021ba meridianele \u0219i a ajuta procesele de autovindecare ale organismului.<br \/><br \/><strong>Sfaturi pentru utilizare<\/strong><\/p><ul><li>Utiliza\u021bi de 1-2 ori pe s\u0103pt\u0103m\u00e2n\u0103 pe aceea\u0219i zon\u0103, cu tratamente de 20 de minute \u0219i pauze scurte.<\/li><li>\u00cenainte \u0219i dup\u0103, be\u021bi ap\u0103, \u00eenc\u0103lzi\u021bi corpul \u0219i punctul care urmeaz\u0103 s\u0103 fie tratat.<\/li><li>Evita\u021bi frigul, aerul condi\u021bionat, exerci\u021biile fizice intense \u0219i alcoolul timp de dou\u0103 ore dup\u0103 tratament.<\/li><\/ul>\t\t\t\t\t\t\t\t<\/div>\n\t\t\t\t<\/div>\n\t\t\t\t<\/div>\n\t\t\t\t\t<\/div>\n\t\t\t\t<\/div>\n\t\t\t\t<\/div>","protected":false},"excerpt":{"rendered":"<p>Terahertz frekvencia Kicsi, de er\u0151teljes \u2013 a terahertzes technol\u00f3gia \u00e9lm\u00e9nye m\u00e1r az els\u0151 haszn\u00e1lat ut\u00e1n \u00e9rezhet\u0151 lehet. Kapcsolatfelv\u00e9tel A j\u00f3l\u00e9t sejtszinten kezd\u0151dik. \u00c1tfog\u00f3 k\u00e9nyelem | Egyszer\u0171 haszn\u00e1lat | Professzion\u00e1lis kivitel | Biztons\u00e1gos \u00fczemel\u00e9s | Hat\u00e9kony m\u0171k\u00f6d\u00e9s A terahertzes technol\u00f3gia ak\u00e1r 10\u201312 cm m\u00e9lys\u00e9gig k\u00e9pes el\u00e9rni a sz\u00f6veteket, \u00edgy hat\u00e1sa nemcsak a b\u0151rfelsz\u00ednen, hanem a m\u00e9lyebb [&hellip;]<\/p>\n","protected":false},"author":1,"featured_media":0,"parent":0,"menu_order":0,"comment_status":"closed","ping_status":"closed","template":"","meta":{"footnotes":""},"class_list":["post-2589","page","type-page","status-publish","hentry"],"aioseo_notices":[],"_links":{"self":[{"href":"https:\/\/astrumportal.com\/ro\/wp-json\/wp\/v2\/pages\/2589","targetHints":{"allow":["GET"]}}],"collection":[{"href":"https:\/\/astrumportal.com\/ro\/wp-json\/wp\/v2\/pages"}],"about":[{"href":"https:\/\/astrumportal.com\/ro\/wp-json\/wp\/v2\/types\/page"}],"author":[{"embeddable":true,"href":"https:\/\/astrumportal.com\/ro\/wp-json\/wp\/v2\/users\/1"}],"replies":[{"embeddable":true,"href":"https:\/\/astrumportal.com\/ro\/wp-json\/wp\/v2\/comments?post=2589"}],"version-history":[{"count":43,"href":"https:\/\/astrumportal.com\/ro\/wp-json\/wp\/v2\/pages\/2589\/revisions"}],"predecessor-version":[{"id":2973,"href":"https:\/\/astrumportal.com\/ro\/wp-json\/wp\/v2\/pages\/2589\/revisions\/2973"}],"wp:attachment":[{"href":"https:\/\/astrumportal.com\/ro\/wp-json\/wp\/v2\/media?parent=2589"}],"curies":[{"name":"wp","href":"https:\/\/api.w.org\/{rel}","templated":true}]}}