{"id":2528,"date":"2025-04-02T19:57:18","date_gmt":"2025-04-02T19:57:18","guid":{"rendered":"https:\/\/astrumportal.com\/?page_id=2528"},"modified":"2026-02-01T07:38:12","modified_gmt":"2026-02-01T07:38:12","slug":"talpi-de-acupunctura","status":"publish","type":"page","link":"https:\/\/astrumportal.com\/ro\/akupresszuras-talpbetet\/","title":{"rendered":"T\u0103lpi magnetice de acupunctur\u0103"},"content":{"rendered":"<div data-elementor-type=\"wp-page\" data-elementor-id=\"2528\" class=\"elementor elementor-2528\" data-elementor-post-type=\"page\">\n\t\t\t\t<div class=\"elementor-element elementor-element-3bfeded8 e-flex e-con-boxed e-con e-parent\" data-id=\"3bfeded8\" data-element_type=\"container\" data-e-type=\"container\" data-settings=\"{&quot;background_background&quot;:&quot;classic&quot;}\">\n\t\t\t\t\t<div class=\"e-con-inner\">\n\t\t<div class=\"elementor-element elementor-element-778d2aca e-con-full e-flex e-con e-child\" data-id=\"778d2aca\" data-element_type=\"container\" data-e-type=\"container\">\n\t\t\t\t<div class=\"elementor-element elementor-element-c6dfdc3 elementor-widget elementor-widget-heading\" data-id=\"c6dfdc3\" data-element_type=\"widget\" data-e-type=\"widget\" data-widget_type=\"heading.default\">\n\t\t\t\t<div class=\"elementor-widget-container\">\n\t\t\t\t\t<h2 class=\"elementor-heading-title elementor-size-default\">Anionos\nt\u0103lpi interioare<\/h2>\t\t\t\t<\/div>\n\t\t\t\t<\/div>\n\t\t\t\t<div class=\"elementor-element elementor-element-5225db3c elementor-widget elementor-widget-text-editor\" data-id=\"5225db3c\" data-element_type=\"widget\" data-e-type=\"widget\" data-widget_type=\"text-editor.default\">\n\t\t\t\t<div class=\"elementor-widget-container\">\n\t\t\t\t\t\t\t\t\t<p>\u0218tia\u021bi c\u0103 dezechilibrul picioarelor v\u0103 afecteaz\u0103 \u00eentregul corp? Postura proast\u0103, durerile de spate, oboseala \u0219i chiar problemele organelor interne pot fi cauzate de un dezechilibru al picioarelor sau de o deplasare a scheletului.<\/p>\t\t\t\t\t\t\t\t<\/div>\n\t\t\t\t<\/div>\n\t\t\t\t<div class=\"elementor-element elementor-element-72bfaa43 elementor-align-center elementor-widget elementor-widget-global elementor-global-2497 elementor-widget-button\" data-id=\"72bfaa43\" data-element_type=\"widget\" data-e-type=\"widget\" data-widget_type=\"button.default\">\n\t\t\t\t<div class=\"elementor-widget-container\">\n\t\t\t\t\t\t\t\t\t<div class=\"elementor-button-wrapper\">\n\t\t\t\t\t<a class=\"elementor-button elementor-button-link elementor-size-lg elementor-animation-grow\" href=\"#kapcsolat\">\n\t\t\t\t\t\t<span class=\"elementor-button-content-wrapper\">\n\t\t\t\t\t\t\t\t\t<span class=\"elementor-button-text\">Persoan\u0103 de contact<\/span>\n\t\t\t\t\t<\/span>\n\t\t\t\t\t<\/a>\n\t\t\t\t<\/div>\n\t\t\t\t\t\t\t\t<\/div>\n\t\t\t\t<\/div>\n\t\t\t\t<\/div>\n\t\t<div class=\"elementor-element elementor-element-44c4a66a e-con-full e-flex e-con e-child\" data-id=\"44c4a66a\" data-element_type=\"container\" data-e-type=\"container\">\n\t\t\t\t<div class=\"elementor-element elementor-element-3f1fa73e elementor-widget elementor-widget-image\" data-id=\"3f1fa73e\" data-element_type=\"widget\" data-e-type=\"widget\" data-widget_type=\"image.default\">\n\t\t\t\t<div class=\"elementor-widget-container\">\n\t\t\t\t\t\t\t\t\t\t\t\t\t\t\t<img fetchpriority=\"high\" decoding=\"async\" width=\"500\" height=\"500\" src=\"https:\/\/astrumportal.com\/wp-content\/uploads\/2025\/03\/talpas_magnet.webp\" class=\"attachment-large size-large wp-image-2188\" alt=\"\" srcset=\"https:\/\/astrumportal.com\/wp-content\/uploads\/2025\/03\/talpas_magnet.webp 500w, https:\/\/astrumportal.com\/wp-content\/uploads\/2025\/03\/talpas_magnet-300x300.webp 300w, https:\/\/astrumportal.com\/wp-content\/uploads\/2025\/03\/talpas_magnet-150x150.webp 150w\" sizes=\"(max-width: 500px) 100vw, 500px\" \/>\t\t\t\t\t\t\t\t\t\t\t\t\t\t\t<\/div>\n\t\t\t\t<\/div>\n\t\t\t\t<\/div>\n\t\t\t\t\t<\/div>\n\t\t\t\t<\/div>\n\t\t<div class=\"elementor-element elementor-element-5ff942a9 e-flex e-con-boxed e-con e-parent\" data-id=\"5ff942a9\" data-element_type=\"container\" data-e-type=\"container\" data-settings=\"{&quot;background_background&quot;:&quot;classic&quot;}\">\n\t\t\t\t\t<div class=\"e-con-inner\">\n\t\t<div class=\"elementor-element elementor-element-20b322ce e-con-full e-flex e-con e-child\" data-id=\"20b322ce\" data-element_type=\"container\" data-e-type=\"container\">\n\t\t\t\t<div class=\"elementor-element elementor-element-2313e4d6 elementor-widget elementor-widget-image\" data-id=\"2313e4d6\" data-element_type=\"widget\" data-e-type=\"widget\" data-widget_type=\"image.default\">\n\t\t\t\t<div class=\"elementor-widget-container\">\n\t\t\t\t\t\t\t\t\t\t\t\t\t\t\t<img decoding=\"async\" width=\"800\" height=\"223\" src=\"https:\/\/astrumportal.com\/wp-content\/uploads\/2025\/04\/talpbetet-1024x286.jpg\" class=\"attachment-large size-large wp-image-2530\" alt=\"\" srcset=\"https:\/\/astrumportal.com\/wp-content\/uploads\/2025\/04\/talpbetet-1024x286.jpg 1024w, https:\/\/astrumportal.com\/wp-content\/uploads\/2025\/04\/talpbetet-300x84.jpg 300w, https:\/\/astrumportal.com\/wp-content\/uploads\/2025\/04\/talpbetet-768x214.jpg 768w, https:\/\/astrumportal.com\/wp-content\/uploads\/2025\/04\/talpbetet.jpg 1075w\" sizes=\"(max-width: 800px) 100vw, 800px\" \/>\t\t\t\t\t\t\t\t\t\t\t\t\t\t\t<\/div>\n\t\t\t\t<\/div>\n\t\t\t\t<div class=\"elementor-element elementor-element-36b1baa6 elementor-widget elementor-widget-text-editor\" data-id=\"36b1baa6\" data-element_type=\"widget\" data-e-type=\"widget\" data-widget_type=\"text-editor.default\">\n\t\t\t\t<div class=\"elementor-widget-container\">\n\t\t\t\t\t\t\t\t\t<p><b>Picioarele - A doua inim\u0103<\/b><\/p><p>Rolul piciorului \u00een mi\u0219carea de zi cu zi \u0219i \u00een distribuirea sarcinii asupra corpului este primordial. \u00cen timpul mersului \u0219i al st\u0103rii \u00een picioare, dinamica care influen\u021beaz\u0103 postura \u0219i bun\u0103starea este ini\u021biat\u0103 aici. Dac\u0103 suportul sau sarcina de pe picioare nu este optim\u0103, aceasta poate provoca disconfort \u0219i afecta calitatea mi\u0219c\u0103rii pe termen lung.<br \/><br \/><\/p><p><b>Ce sunt t\u0103lpile ortopedice?<\/b><\/p><p>Protezele ortopedice sunt accesorii concepute pentru a spori confortul picioarelor \u0219i a sprijini mersul. Eforturile zilnice, perioadele lungi de stat \u00een picioare sau anumite locuri de munc\u0103 pot exercita diferite presiuni asupra picioarelor \u0219i a coloanei vertebrale. Plasturii pot ajuta la distribuirea mai uniform\u0103 a presiunii \u0219i pot contribui la \u00eembun\u0103t\u0103\u021birea confortului.<br \/><br \/><\/p><p><b>Cum func\u021bioneaz\u0103 acestea?<\/b><\/p><p>T\u0103lpile se adapteaz\u0103 la forma anatomic\u0103 a piciorului, astfel \u00eenc\u00e2t pot oferi un mers mai confortabil \u0219i un sprijin mai stabil. Designul ergonomic este destinat s\u0103 ajute la distribuirea mai uniform\u0103 a sarcinii \u0219i s\u0103 reduc\u0103 presiunea asupra piciorului.<\/p><p>Unele modele au 20.000 de puncte de presiune minuscule, care creeaz\u0103 o senza\u021bie pl\u0103cut\u0103 de masaj pe picior. Acestea pot utiliza, de asemenea, lumin\u0103 infraro\u0219ie, elemente magnetice sau tehnologie anionic\u0103, despre care utilizatorii au constatat c\u0103 pot oferi o senza\u021bie pl\u0103cut\u0103 de bun\u0103stare.<br \/><br \/><\/p><p><b>Beneficiile utiliz\u0103rii acestuia pot fi:<\/b><\/p><ul><li>Distribu\u021bia mai uniform\u0103 a presiunii: ajut\u0103 la distribuirea armonioas\u0103 a sarcinii pe suprafa\u021ba piciorului.<\/li><li>Senza\u021bie de masaj confortabil\u0103: poate contribui la confort prin stimularea u\u0219oar\u0103 a zonelor reflexe ale piciorului.<\/li><li>Suport: ajut\u0103 la men\u021binerea formei naturale a piciorului.<\/li><li>Stabilitate: sus\u021bine postura corect\u0103 \u0219i un mers echilibrat.<\/li><li>Confort \u00een mi\u0219care: reduce punctele de presiune \u00een timpul pa\u0219ilor.<\/li><\/ul><p><br \/><br \/>T\u0103lpile ortopedice pot ajuta la o mai bun\u0103 distribu\u021bie a greut\u0103\u021bii, la o mers mai stabil \u0219i la \u00eembun\u0103t\u0103\u021birea posturii naturale.<\/p>\t\t\t\t\t\t\t\t<\/div>\n\t\t\t\t<\/div>\n\t\t\t\t<\/div>\n\t\t\t\t\t<\/div>\n\t\t\t\t<\/div>\n\t\t\t\t<\/div>","protected":false},"excerpt":{"rendered":"<p>Anionos talpbet\u00e9tek Tudtad, hogy ha a l\u00e1bad nincs egyens\u00falyban, az az eg\u00e9sz testedre hat\u00e1ssal van? A rossz testtart\u00e1s, h\u00e1tf\u00e1j\u00e1s, f\u00e1radts\u00e1g \u00e9s ak\u00e1r bels\u0151 szervi probl\u00e9m\u00e1k h\u00e1tter\u00e9ben is \u00e1llhat a l\u00e1bboltozat hib\u00e1ja vagy a csontv\u00e1z eltol\u00f3d\u00e1sa. Kapcsolatfelv\u00e9tel A l\u00e1bak \u2013 A m\u00e1sodik sz\u00edv A l\u00e1b szerepe a mindennapi mozg\u00e1sban \u00e9s a test terhel\u00e9s\u00e9nek eloszt\u00e1s\u00e1ban kiemelked\u0151. A [&hellip;]<\/p>\n","protected":false},"author":1,"featured_media":0,"parent":0,"menu_order":0,"comment_status":"closed","ping_status":"closed","template":"","meta":{"footnotes":""},"class_list":["post-2528","page","type-page","status-publish","hentry"],"aioseo_notices":[],"_links":{"self":[{"href":"https:\/\/astrumportal.com\/ro\/wp-json\/wp\/v2\/pages\/2528","targetHints":{"allow":["GET"]}}],"collection":[{"href":"https:\/\/astrumportal.com\/ro\/wp-json\/wp\/v2\/pages"}],"about":[{"href":"https:\/\/astrumportal.com\/ro\/wp-json\/wp\/v2\/types\/page"}],"author":[{"embeddable":true,"href":"https:\/\/astrumportal.com\/ro\/wp-json\/wp\/v2\/users\/1"}],"replies":[{"embeddable":true,"href":"https:\/\/astrumportal.com\/ro\/wp-json\/wp\/v2\/comments?post=2528"}],"version-history":[{"count":26,"href":"https:\/\/astrumportal.com\/ro\/wp-json\/wp\/v2\/pages\/2528\/revisions"}],"predecessor-version":[{"id":3072,"href":"https:\/\/astrumportal.com\/ro\/wp-json\/wp\/v2\/pages\/2528\/revisions\/3072"}],"wp:attachment":[{"href":"https:\/\/astrumportal.com\/ro\/wp-json\/wp\/v2\/media?parent=2528"}],"curies":[{"name":"wp","href":"https:\/\/api.w.org\/{rel}","templated":true}]}}