{"id":2507,"date":"2025-04-02T19:43:38","date_gmt":"2025-04-02T19:43:38","guid":{"rendered":"https:\/\/astrumportal.com\/?page_id=2507"},"modified":"2025-08-14T14:11:08","modified_gmt":"2025-08-14T14:11:08","slug":"pat-intim-anionic","status":"publish","type":"page","link":"https:\/\/astrumportal.com\/ro\/anion-intimbetet\/","title":{"rendered":"Tampon intim anionic"},"content":{"rendered":"<div data-elementor-type=\"wp-page\" data-elementor-id=\"2507\" class=\"elementor elementor-2507\" data-elementor-post-type=\"page\">\n\t\t\t\t<div class=\"elementor-element elementor-element-6a518052 e-flex e-con-boxed e-con e-parent\" data-id=\"6a518052\" data-element_type=\"container\" data-e-type=\"container\" data-settings=\"{&quot;background_background&quot;:&quot;classic&quot;}\">\n\t\t\t\t\t<div class=\"e-con-inner\">\n\t\t<div class=\"elementor-element elementor-element-7a26d429 e-con-full e-flex e-con e-child\" data-id=\"7a26d429\" data-element_type=\"container\" data-e-type=\"container\">\n\t\t\t\t<div class=\"elementor-element elementor-element-513fd769 elementor-widget elementor-widget-heading\" data-id=\"513fd769\" data-element_type=\"widget\" data-e-type=\"widget\" data-widget_type=\"heading.default\">\n\t\t\t\t<div class=\"elementor-widget-container\">\n\t\t\t\t\t<h2 class=\"elementor-heading-title elementor-size-default\">noua lume a tampoanelor intime<\/h2>\t\t\t\t<\/div>\n\t\t\t\t<\/div>\n\t\t\t\t<div class=\"elementor-element elementor-element-5093061a elementor-widget elementor-widget-text-editor\" data-id=\"5093061a\" data-element_type=\"widget\" data-e-type=\"widget\" data-widget_type=\"text-editor.default\">\n\t\t\t\t<div class=\"elementor-widget-container\">\n\t\t\t\t\t\t\t\t\t<p>Design multistrat, respirabil, cu ambalaj practic resigilabil. Cipul s\u0103u anionic inovator \u0219i materialele atent selectate promoveaz\u0103 o senza\u021bie proasp\u0103t\u0103, confortabil\u0103 \u0219i igienic\u0103 pentru utilizarea zilnic\u0103.<\/p>\t\t\t\t\t\t\t\t<\/div>\n\t\t\t\t<\/div>\n\t\t\t\t<div class=\"elementor-element elementor-element-36e73892 elementor-align-center elementor-widget elementor-widget-global elementor-global-2497 elementor-widget-button\" data-id=\"36e73892\" data-element_type=\"widget\" data-e-type=\"widget\" data-widget_type=\"button.default\">\n\t\t\t\t<div class=\"elementor-widget-container\">\n\t\t\t\t\t\t\t\t\t<div class=\"elementor-button-wrapper\">\n\t\t\t\t\t<a class=\"elementor-button elementor-button-link elementor-size-lg elementor-animation-grow\" href=\"#kapcsolat\">\n\t\t\t\t\t\t<span class=\"elementor-button-content-wrapper\">\n\t\t\t\t\t\t\t\t\t<span class=\"elementor-button-text\">Persoan\u0103 de contact<\/span>\n\t\t\t\t\t<\/span>\n\t\t\t\t\t<\/a>\n\t\t\t\t<\/div>\n\t\t\t\t\t\t\t\t<\/div>\n\t\t\t\t<\/div>\n\t\t\t\t<\/div>\n\t\t<div class=\"elementor-element elementor-element-32cdcc8f e-con-full e-flex e-con e-child\" data-id=\"32cdcc8f\" data-element_type=\"container\" data-e-type=\"container\">\n\t\t\t\t<div class=\"elementor-element elementor-element-28f7d3e7 elementor-widget elementor-widget-image\" data-id=\"28f7d3e7\" data-element_type=\"widget\" data-e-type=\"widget\" data-widget_type=\"image.default\">\n\t\t\t\t<div class=\"elementor-widget-container\">\n\t\t\t\t\t\t\t\t\t\t\t\t\t\t\t<img fetchpriority=\"high\" decoding=\"async\" width=\"500\" height=\"500\" src=\"https:\/\/astrumportal.com\/wp-content\/uploads\/2025\/03\/intim_infra.webp\" class=\"attachment-large size-large wp-image-2187\" alt=\"tampoane sanitare speciale\" srcset=\"https:\/\/astrumportal.com\/wp-content\/uploads\/2025\/03\/intim_infra.webp 500w, https:\/\/astrumportal.com\/wp-content\/uploads\/2025\/03\/intim_infra-300x300.webp 300w, https:\/\/astrumportal.com\/wp-content\/uploads\/2025\/03\/intim_infra-150x150.webp 150w\" sizes=\"(max-width: 500px) 100vw, 500px\" \/>\t\t\t\t\t\t\t\t\t\t\t\t\t\t\t<\/div>\n\t\t\t\t<\/div>\n\t\t\t\t<\/div>\n\t\t\t\t\t<\/div>\n\t\t\t\t<\/div>\n\t\t<div class=\"elementor-element elementor-element-6cce2731 e-flex e-con-boxed e-con e-parent\" data-id=\"6cce2731\" data-element_type=\"container\" data-e-type=\"container\" data-settings=\"{&quot;background_background&quot;:&quot;classic&quot;}\">\n\t\t\t\t\t<div class=\"e-con-inner\">\n\t\t<div class=\"elementor-element elementor-element-1b566a12 e-con-full e-flex e-con e-child\" data-id=\"1b566a12\" data-element_type=\"container\" data-e-type=\"container\">\n\t\t\t\t<div class=\"elementor-element elementor-element-4921d0f7 elementor-widget elementor-widget-image\" data-id=\"4921d0f7\" data-element_type=\"widget\" data-e-type=\"widget\" data-widget_type=\"image.default\">\n\t\t\t\t<div class=\"elementor-widget-container\">\n\t\t\t\t\t\t\t\t\t\t\t\t\t\t\t<img decoding=\"async\" width=\"800\" height=\"223\" src=\"https:\/\/astrumportal.com\/wp-content\/uploads\/2025\/04\/betet-1024x286.jpg\" class=\"attachment-large size-large wp-image-2512\" alt=\"\" srcset=\"https:\/\/astrumportal.com\/wp-content\/uploads\/2025\/04\/betet-1024x286.jpg 1024w, https:\/\/astrumportal.com\/wp-content\/uploads\/2025\/04\/betet-300x84.jpg 300w, https:\/\/astrumportal.com\/wp-content\/uploads\/2025\/04\/betet-768x214.jpg 768w, https:\/\/astrumportal.com\/wp-content\/uploads\/2025\/04\/betet.jpg 1075w\" sizes=\"(max-width: 800px) 100vw, 800px\" \/>\t\t\t\t\t\t\t\t\t\t\t\t\t\t\t<\/div>\n\t\t\t\t<\/div>\n\t\t\t\t<div class=\"elementor-element elementor-element-6e50ba03 elementor-widget elementor-widget-text-editor\" data-id=\"6e50ba03\" data-element_type=\"widget\" data-e-type=\"widget\" data-widget_type=\"text-editor.default\">\n\t\t\t\t<div class=\"elementor-widget-container\">\n\t\t\t\t\t\t\t\t\t<p><strong>Ce sunt depozitele de anioni?<\/strong><\/p><p>Toate femeile folosesc produse sanitare, cum ar fi absorbantele, \u00een fiecare lun\u0103. Este important s\u0103 alege\u021bi tampoane care sunt confortabile, igienice \u0219i sigure pentru utilizarea zilnic\u0103. Oferim tampoane anionice unice care v\u0103 men\u021bin senza\u021bia de prospe\u021bime \u00een zilele critice.<\/p><p>Inser\u021biile Anion vin \u00een ambalaje ergonomice \u0219i sunt realizate cu o structur\u0103 multistrat. Tampoanele de zi \u0219i de noapte au un design cu 9 straturi, \u00een timp ce tampoanele de puritate au un design cu 6 straturi. Acestea sunt fabricate din materiale absorbante speciale, folosind tehnologie japonez\u0103.<br \/><br \/><\/p><p><strong>Pentru ce sunt utilizate depozitele de anioni?<\/strong><\/p><p>Inser\u021biile tradi\u021bionale sunt adesea disponibile \u00een ambalaje nesigilabile, care protejeaz\u0103 mai pu\u021bin puritatea acestora. Inser\u021biile noastre cu anioni au ambalaje resigilabile pentru a ajuta la men\u021binerea igienei. Stratul special din interiorul lor poate da o senza\u021bie de prospe\u021bime \u0219i poate oferi un confort mai pl\u0103cut.<br \/><br \/><\/p><p><strong>Avantajele depozitelor anionice<\/strong><\/p><ul><li>Ambalare convenabil\u0103:<br \/>Ambalajul resigilabil ajut\u0103 la men\u021binerea umidit\u0103\u021bii \u0219i a murd\u0103riei la distan\u021b\u0103, astfel \u00eenc\u00e2t inser\u021biile pot r\u0103m\u00e2ne igienice pentru mai mult timp.<\/li><li>Design igienic:<br \/>Inser\u021biile noastre sunt fabricate folosind tehnologii moderne. Ambalajul compact \u0219i sigur este at\u00e2t estetic, c\u00e2t \u0219i practic.<\/li><li>Design u\u0219or de deschis:<br \/>Mecanismul simplu de deschidere permite ca pachetul s\u0103 fie deschis \u0219i \u00eenchis \u00een mod repetat, p\u0103str\u00e2nd starea inser\u021biilor.<\/li><\/ul><p>\u00a0<\/p><p><strong>Caracteristici ale stratului special<\/strong><\/p><p>Stratul integrat \u00een inser\u021bii este realizat din materiale naturale. Acesta este rezistent la umiditate \u0219i \u00ee\u0219i p\u0103streaz\u0103 structura \u00een timpul utiliz\u0103rii. Stratul este conceput pentru a ajuta la men\u021binerea unei senza\u021bii de prospe\u021bime \u0219i la reducerea mirosurilor nepl\u0103cute.<br \/><br \/><\/p><p><strong>Func\u021bii<\/strong><\/p><ul><li>Un strat ionic negativ poate ajuta la reducerea mirosurilor nepl\u0103cute.<\/li><li>Tehnologia cu infraro\u0219u \u00eendep\u0103rtat ofer\u0103 un efect de \u00eenc\u0103lzire u\u0219oar\u0103 care poate oferi un sentiment confortabil.<\/li><li>Elementul magnetic integrat face parte din designul special al produsului.<\/li><li>Stratul de nanoargint are propriet\u0103\u021bi antimicrobiene care pot ajuta la men\u021binerea igienei.<\/li><\/ul><p>\u00a0<\/p><p><strong>Caracteristici ale stratului de model trifoi cu patru foi<\/strong><\/p><p>Structura con\u021bine, de asemenea, un strat de tisa chinez\u0103 (Taxus chinensis), o surs\u0103 natural\u0103 de antioxidan\u021bi cunoscut\u0103 \u00een utilizarea tradi\u021bional\u0103.<br \/><br \/><\/p><p><strong>Propriet\u0103\u021bi ale materialului absorbant<\/strong><\/p><p>Polimerul absorbant al tampoanelor este fabricat din bumbac reciclat \u0219i a\u0219chii de lemn dezvoltate \u00een Japonia. Acest polimer este sigur, prietenos cu pielea \u0219i ecologic.<br \/><br \/><\/p><p><strong>Mai multe informa\u021bii<\/strong><\/p><p>Func\u021biile cipului \u0219i ale stratului pot fi demonstrate prin experimente simple care pot fi efectuate la domiciliu, cum ar fi un test de magnetism sau un test de neutralizare a sedimentelor. De asemenea, efectul infraro\u0219u \u00eendep\u0103rtat poate fi detectat vizual cu ajutorul anumitor detectoare de c\u0103ldur\u0103.<\/p><p>Propriet\u0103\u021bile antioxidante ale acoperirii din lemn de tisa pot fi detectate printr-un test de culoare, care confirm\u0103 prezen\u021ba materialului natural utilizat.<\/p>\t\t\t\t\t\t\t\t<\/div>\n\t\t\t\t<\/div>\n\t\t\t\t<\/div>\n\t\t\t\t\t<\/div>\n\t\t\t\t<\/div>\n\t\t\t\t<\/div>","protected":false},"excerpt":{"rendered":"<p>az intimbet\u00e9tek \u00faj vil\u00e1ga T\u00f6bbr\u00e9teg\u0171, l\u00e9g\u00e1tereszt\u0151 kialak\u00edt\u00e1s\u00fa, praktikus visszaz\u00e1rhat\u00f3 csomagol\u00e1ssal. Innovat\u00edv anionos chipje \u00e9s gondosan kiv\u00e1lasztott anyagai a friss, k\u00e9nyelmes \u00e9s higi\u00e9nikus \u00e9rzetet t\u00e1mogatj\u00e1k a mindennapokban. Kapcsolatfelv\u00e9tel Mik azok az anion bet\u00e9tek? Minden n\u0151 haszn\u00e1l higi\u00e9niai term\u00e9keket, p\u00e9ld\u00e1ul bet\u00e9teket minden h\u00f3napban. Fontos, hogy olyan bet\u00e9teket v\u00e1lasszunk, amelyek k\u00e9nyelmesek, higi\u00e9nikusak \u00e9s biztons\u00e1gosak a mindennapi haszn\u00e1latra. Olyan [&hellip;]<\/p>\n","protected":false},"author":1,"featured_media":0,"parent":0,"menu_order":0,"comment_status":"closed","ping_status":"closed","template":"","meta":{"footnotes":""},"class_list":["post-2507","page","type-page","status-publish","hentry"],"aioseo_notices":[],"_links":{"self":[{"href":"https:\/\/astrumportal.com\/ro\/wp-json\/wp\/v2\/pages\/2507","targetHints":{"allow":["GET"]}}],"collection":[{"href":"https:\/\/astrumportal.com\/ro\/wp-json\/wp\/v2\/pages"}],"about":[{"href":"https:\/\/astrumportal.com\/ro\/wp-json\/wp\/v2\/types\/page"}],"author":[{"embeddable":true,"href":"https:\/\/astrumportal.com\/ro\/wp-json\/wp\/v2\/users\/1"}],"replies":[{"embeddable":true,"href":"https:\/\/astrumportal.com\/ro\/wp-json\/wp\/v2\/comments?post=2507"}],"version-history":[{"count":34,"href":"https:\/\/astrumportal.com\/ro\/wp-json\/wp\/v2\/pages\/2507\/revisions"}],"predecessor-version":[{"id":2943,"href":"https:\/\/astrumportal.com\/ro\/wp-json\/wp\/v2\/pages\/2507\/revisions\/2943"}],"wp:attachment":[{"href":"https:\/\/astrumportal.com\/ro\/wp-json\/wp\/v2\/media?parent=2507"}],"curies":[{"name":"wp","href":"https:\/\/api.w.org\/{rel}","templated":true}]}}