{"id":2481,"date":"2025-04-02T19:21:10","date_gmt":"2025-04-02T19:21:10","guid":{"rendered":"https:\/\/astrumportal.com\/?page_id=2481"},"modified":"2026-02-01T07:32:36","modified_gmt":"2026-02-01T07:32:36","slug":"ochelari-grafen-kekfenyvedo","status":"publish","type":"page","link":"https:\/\/astrumportal.com\/ro\/grafen-kekfenyvedo-szemuveg\/","title":{"rendered":"Ochelari de grafen"},"content":{"rendered":"<div data-elementor-type=\"wp-page\" data-elementor-id=\"2481\" class=\"elementor elementor-2481\" data-elementor-post-type=\"page\">\n\t\t\t\t<div class=\"elementor-element elementor-element-56a842ee e-flex e-con-boxed e-con e-parent\" data-id=\"56a842ee\" data-element_type=\"container\" data-e-type=\"container\" data-settings=\"{&quot;background_background&quot;:&quot;classic&quot;}\">\n\t\t\t\t\t<div class=\"e-con-inner\">\n\t\t<div class=\"elementor-element elementor-element-422c2aab e-con-full e-flex e-con e-child\" data-id=\"422c2aab\" data-element_type=\"container\" data-e-type=\"container\">\n\t\t\t\t<div class=\"elementor-element elementor-element-7aff2e34 elementor-widget elementor-widget-heading\" data-id=\"7aff2e34\" data-element_type=\"widget\" data-e-type=\"widget\" data-widget_type=\"heading.default\">\n\t\t\t\t<div class=\"elementor-widget-container\">\n\t\t\t\t\t<h2 class=\"elementor-heading-title elementor-size-default\">Nu numai bun pentru ochi<\/h2>\t\t\t\t<\/div>\n\t\t\t\t<\/div>\n\t\t\t\t<div class=\"elementor-element elementor-element-21e61f54 elementor-widget elementor-widget-text-editor\" data-id=\"21e61f54\" data-element_type=\"widget\" data-e-type=\"widget\" data-widget_type=\"text-editor.default\">\n\t\t\t\t<div class=\"elementor-widget-container\">\n\t\t\t\t\t\t\t\t\t<p>\u00cen plus fa\u021b\u0103 de protec\u021bia \u00eempotriva luminii albastre, eliberarea continu\u0103 de anioni din cadrul grafenului poate ajuta la regenerare \u0219i poate avea un efect pozitiv asupra sistemului nervos \u0219i a circula\u021biei s\u00e2ngelui.<\/p>\t\t\t\t\t\t\t\t<\/div>\n\t\t\t\t<\/div>\n\t\t\t\t<div class=\"elementor-element elementor-element-595950ff elementor-align-center elementor-widget elementor-widget-global elementor-global-2497 elementor-widget-button\" data-id=\"595950ff\" data-element_type=\"widget\" data-e-type=\"widget\" data-widget_type=\"button.default\">\n\t\t\t\t<div class=\"elementor-widget-container\">\n\t\t\t\t\t\t\t\t\t<div class=\"elementor-button-wrapper\">\n\t\t\t\t\t<a class=\"elementor-button elementor-button-link elementor-size-lg elementor-animation-grow\" href=\"#kapcsolat\">\n\t\t\t\t\t\t<span class=\"elementor-button-content-wrapper\">\n\t\t\t\t\t\t\t\t\t<span class=\"elementor-button-text\">Persoan\u0103 de contact<\/span>\n\t\t\t\t\t<\/span>\n\t\t\t\t\t<\/a>\n\t\t\t\t<\/div>\n\t\t\t\t\t\t\t\t<\/div>\n\t\t\t\t<\/div>\n\t\t\t\t<\/div>\n\t\t<div class=\"elementor-element elementor-element-66e88283 e-con-full e-flex e-con e-child\" data-id=\"66e88283\" data-element_type=\"container\" data-e-type=\"container\">\n\t\t\t\t<div class=\"elementor-element elementor-element-4be34187 elementor-widget elementor-widget-image\" data-id=\"4be34187\" data-element_type=\"widget\" data-e-type=\"widget\" data-widget_type=\"image.default\">\n\t\t\t\t<div class=\"elementor-widget-container\">\n\t\t\t\t\t\t\t\t\t\t\t\t\t\t\t<img fetchpriority=\"high\" decoding=\"async\" width=\"500\" height=\"500\" src=\"https:\/\/astrumportal.com\/wp-content\/uploads\/2025\/04\/glasses_sun.jpg\" class=\"attachment-large size-large wp-image-2557\" alt=\"\" srcset=\"https:\/\/astrumportal.com\/wp-content\/uploads\/2025\/04\/glasses_sun.jpg 500w, https:\/\/astrumportal.com\/wp-content\/uploads\/2025\/04\/glasses_sun-300x300.jpg 300w, https:\/\/astrumportal.com\/wp-content\/uploads\/2025\/04\/glasses_sun-150x150.jpg 150w\" sizes=\"(max-width: 500px) 100vw, 500px\" \/>\t\t\t\t\t\t\t\t\t\t\t\t\t\t\t<\/div>\n\t\t\t\t<\/div>\n\t\t\t\t<\/div>\n\t\t\t\t\t<\/div>\n\t\t\t\t<\/div>\n\t\t<div class=\"elementor-element elementor-element-22ed73aa e-flex e-con-boxed e-con e-parent\" data-id=\"22ed73aa\" data-element_type=\"container\" data-e-type=\"container\" data-settings=\"{&quot;background_background&quot;:&quot;classic&quot;}\">\n\t\t\t\t\t<div class=\"e-con-inner\">\n\t\t<div class=\"elementor-element elementor-element-2c454e2f e-con-full e-flex e-con e-child\" data-id=\"2c454e2f\" data-element_type=\"container\" data-e-type=\"container\">\n\t\t\t\t<div class=\"elementor-element elementor-element-2671ef75 elementor-widget elementor-widget-image\" data-id=\"2671ef75\" data-element_type=\"widget\" data-e-type=\"widget\" data-widget_type=\"image.default\">\n\t\t\t\t<div class=\"elementor-widget-container\">\n\t\t\t\t\t\t\t\t\t\t\t\t\t\t\t<img decoding=\"async\" width=\"800\" height=\"223\" src=\"https:\/\/astrumportal.com\/wp-content\/uploads\/2025\/04\/GLASSES-1024x286.jpg\" class=\"attachment-large size-large wp-image-2495\" alt=\"\" srcset=\"https:\/\/astrumportal.com\/wp-content\/uploads\/2025\/04\/GLASSES-1024x286.jpg 1024w, https:\/\/astrumportal.com\/wp-content\/uploads\/2025\/04\/GLASSES-300x84.jpg 300w, https:\/\/astrumportal.com\/wp-content\/uploads\/2025\/04\/GLASSES-768x214.jpg 768w, https:\/\/astrumportal.com\/wp-content\/uploads\/2025\/04\/GLASSES.jpg 1075w\" sizes=\"(max-width: 800px) 100vw, 800px\" \/>\t\t\t\t\t\t\t\t\t\t\t\t\t\t\t<\/div>\n\t\t\t\t<\/div>\n\t\t\t\t<div class=\"elementor-element elementor-element-71db4db2 elementor-widget elementor-widget-text-editor\" data-id=\"71db4db2\" data-element_type=\"widget\" data-e-type=\"widget\" data-widget_type=\"text-editor.default\">\n\t\t\t\t<div class=\"elementor-widget-container\">\n\t\t\t\t\t\t\t\t\t<p><strong>OCHELARI CARE BLOCHEAZ\u0102 LUMINA ALBASTR\u0102<\/strong><\/p><p>Lumea se schimb\u0103 rapid, iar pe pia\u021b\u0103 apar din ce \u00een ce mai multe dispozitive \u0219i accesorii noi. Este important pentru noi ca produsele noastre s\u0103 nu fie doar la mod\u0103, ci \u0219i s\u0103 ofere beneficii reale \u00een via\u021ba de zi cu zi. BLUE LIGHT BLIND EYEWORK faciliteaz\u0103 lucrul \u00een fa\u021ba unui ecran, reduce oboseala ochilor \u0219i ajut\u0103 la men\u021binerea confortului vizual.<\/p><p><strong>Ce este o lucrare cu lumina albastr\u0103 pentru ochiul orb?<\/strong><br \/>Ace\u0219ti ochelari sunt proiecta\u021bi pentru a bloca lumina albastr\u0103 emis\u0103 de computere, smartphone-uri \u0219i alte dispozitive digitale, reduc\u00e2nd oboseala ochilor \u0219i cresc\u00e2nd confortul vizual. Materialul avansat al lentilelor \u0219i stratul anti-orbire asigur\u0103 o vedere clar\u0103, men\u021bin\u00e2nd \u00een acela\u0219i timp confortul ochilor.<\/p><p><strong>De ce s\u0103 \u00eel folosi\u021bi?<br \/><\/strong>Ochelarii combin\u0103 tehnologia optic\u0103 avansat\u0103 cu purtarea confortabil\u0103 pentru a oferi o vedere proasp\u0103t\u0103 pentru mai mult timp \u0219i a reduce stresul vizual. Designul lor ajut\u0103 la men\u021binerea concentr\u0103rii, la cre\u0219terea confortului vizual \u0219i \u00eei face un plus practic pentru mediul de lucru digital.<\/p><p>\u00a0<\/p><p><strong>Avantajele capacelor pentru ochi BLUE LIGHT BLOCKING:<\/strong><\/p><ul><li><b>Confort de protec\u021bie a ecranului<br \/><\/b>Stratul de filtrare reduce oboseala cauzat\u0103 de lumina albastr\u0103 emis\u0103 de monitoare, ajut\u00e2nd ochii s\u0103 func\u021bioneze mai confortabil \u00een timpul zilelor lungi de lucru la calculator.<\/li><li><b>Viziune \u0219i concentrare mai clare<br \/><\/b>Materialul ultra clar al lentilelor, acoperirea antireflex \u0219i geometria precis\u0103 asigur\u0103 claritatea vizual\u0103, reduc\u00e2nd \u00een acela\u0219i timp oboseala ochilor. Materialul \u0219i designul lentilelor ajut\u0103 la facilitarea observ\u0103rii detaliilor vizuale.<\/li><li><b>Confortabil de purtat<br \/><\/b>Designul ergonomic \u0219i unghiul optim de curbur\u0103 al ochelarilor asigur\u0103 o purtare confortabil\u0103 pe termen lung. Rama \u0219i materialul lentilelor sunt u\u0219oare \u0219i durabile, astfel \u00eenc\u00e2t acestea pot fi purtate toat\u0103 ziua f\u0103r\u0103 a provoca presiune sau disconfort.<\/li><li><b>Utilizarea avansat\u0103 a materialelor<br \/><\/b>Rama este realizat\u0103 din material compozit din grafen PA6\/G, care este u\u0219or, rezistent \u0219i durabil. Acoperirile avansate ale lentilelor reduc str\u0103lucirea \u0219i ajut\u0103 la men\u021binerea clarit\u0103\u021bii vizuale.<\/li><li><b>Stil \u0219i func\u021bionalitate<br \/><\/b>Butonul BLUE LIGHT BLINDING EYE SWITCH nu este doar practic, ci \u0219i un accesoriu la mod\u0103. Designul modern \u0219i stilul neutru \u00eei permit s\u0103 fie purtat \u00een orice mediu, fie c\u0103 este vorba de birou, de lucrul de acas\u0103 sau de c\u0103l\u0103torie.<\/li><\/ul><p>\u00a0<\/p><p><strong>Pentru cine este?<\/strong><\/p><ul><li>Pentru elevii care citesc sau \u00eenva\u021b\u0103 mult pe dispozitive digitale.<\/li><li>Profesioni\u0219ti IT care petrec multe ore \u00een fa\u021ba ecranelor.<\/li><li>Pentru to\u021bi cei care doresc s\u0103 reduc\u0103 oboseala ochilor, s\u0103 \u00eembun\u0103t\u0103\u021beasc\u0103 confortul vizual \u0219i s\u0103 fac\u0103 zilele de lucru digitale mai confortabile.<\/li><\/ul><p>\u00a0<\/p><p>Avertisment:<br \/>Produsul nu \u00eenlocuie\u0219te examinarea sau tratamentul medical. V\u0103 rug\u0103m s\u0103 consulta\u021bi medicul oftalmolog dac\u0103 ave\u021bi probleme de vedere sau oboseal\u0103 ocular\u0103 pe termen lung.<\/p>\t\t\t\t\t\t\t\t<\/div>\n\t\t\t\t<\/div>\n\t\t\t\t<\/div>\n\t\t\t\t\t<\/div>\n\t\t\t\t<\/div>\n\t\t\t\t<\/div>","protected":false},"excerpt":{"rendered":"<p>Nem csak a szemnek j\u00f3 A k\u00e9kf\u00e9ny v\u00e9delem mellett, a graf\u00e9n tartalm\u00fa keret folyamatos anion kibocs\u00e1jt\u00e1sa seg\u00edthet a regener\u00e1l\u00f3d\u00e1sban \u00e9s pozit\u00edv hat\u00e1ssal lehet az idegrendszerre \u00e9s a v\u00e9rkering\u00e9sre. Kapcsolatfelv\u00e9tel K\u00c9K F\u00c9NY BLOKKOL\u00d3 SZEM\u00dcVEG A vil\u00e1g gyorsan v\u00e1ltozik, \u00e9s egyre t\u00f6bb \u00faj eszk\u00f6z \u00e9s kieg\u00e9sz\u00edt\u0151 jelenik meg a piacon. Fontos sz\u00e1munkra, hogy term\u00e9keink ne csak divatosak [&hellip;]<\/p>\n","protected":false},"author":1,"featured_media":0,"parent":0,"menu_order":0,"comment_status":"closed","ping_status":"closed","template":"","meta":{"footnotes":""},"class_list":["post-2481","page","type-page","status-publish","hentry"],"aioseo_notices":[],"_links":{"self":[{"href":"https:\/\/astrumportal.com\/ro\/wp-json\/wp\/v2\/pages\/2481","targetHints":{"allow":["GET"]}}],"collection":[{"href":"https:\/\/astrumportal.com\/ro\/wp-json\/wp\/v2\/pages"}],"about":[{"href":"https:\/\/astrumportal.com\/ro\/wp-json\/wp\/v2\/types\/page"}],"author":[{"embeddable":true,"href":"https:\/\/astrumportal.com\/ro\/wp-json\/wp\/v2\/users\/1"}],"replies":[{"embeddable":true,"href":"https:\/\/astrumportal.com\/ro\/wp-json\/wp\/v2\/comments?post=2481"}],"version-history":[{"count":27,"href":"https:\/\/astrumportal.com\/ro\/wp-json\/wp\/v2\/pages\/2481\/revisions"}],"predecessor-version":[{"id":3060,"href":"https:\/\/astrumportal.com\/ro\/wp-json\/wp\/v2\/pages\/2481\/revisions\/3060"}],"wp:attachment":[{"href":"https:\/\/astrumportal.com\/ro\/wp-json\/wp\/v2\/media?parent=2481"}],"curies":[{"name":"wp","href":"https:\/\/api.w.org\/{rel}","templated":true}]}}